{"id":6843,"date":"2025-02-27T15:10:53","date_gmt":"2025-02-27T15:10:53","guid":{"rendered":"https:\/\/aventuring.com\/?page_id=6843"},"modified":"2025-04-24T08:39:50","modified_gmt":"2025-04-24T08:39:50","slug":"cheque-cadeau","status":"publish","type":"page","link":"https:\/\/aventuring.com\/fr\/cheque-cadeau\/","title":{"rendered":"Bono Regalo"},"content":{"rendered":"\t\t<div data-elementor-type=\"wp-page\" data-elementor-id=\"6843\" class=\"elementor elementor-6843\" data-elementor-post-type=\"page\">\n\t\t\t\t\t\t<section class=\"elementor-section elementor-top-section elementor-element elementor-element-2c7aeaf2 elementor-section-full_width elementor-section-height-default elementor-section-height-default\" data-id=\"2c7aeaf2\" data-element_type=\"section\" data-settings=\"{&quot;background_background&quot;:&quot;gradient&quot;}\">\n\t\t\t\t\t\t<div class=\"elementor-container elementor-column-gap-default\">\n\t\t\t\t\t<div class=\"elementor-column elementor-col-100 elementor-top-column elementor-element elementor-element-6c55b219\" data-id=\"6c55b219\" data-element_type=\"column\">\n\t\t\t<div class=\"elementor-widget-wrap elementor-element-populated\">\n\t\t\t\t\t\t<div class=\"elementor-element elementor-element-28d16cd1 elementor-widget elementor-widget-html\" data-id=\"28d16cd1\" data-element_type=\"widget\" data-widget_type=\"html.default\">\n\t\t\t\t<div class=\"elementor-widget-container\">\n\t\t\t\t\t<style>\r\nbody{\r\n    --speed: 10s;\r\n}\r\n.sliding-text .elementor-widget-wrap{\r\n    display: block !important;\r\n}\r\n.sliding-text .elementor-widget{\r\n    overflow: hidden;\r\n    width: 10000vw !important;\r\n    max-width: 10000vw !important;\r\n}\r\n.sliding-text .sliding .elementor-widget-container{\r\n    -webkit-animation: sliding var(--speed) linear infinite;\r\n    -moz-animation: sliding var(--speed) linear infinite;\r\n    -o-animation: sliding var(--speed) linear infinite;\r\n    animation: sliding var(--speed) linear infinite;\r\n}\r\n.sliding-text .elementor-widget-container{\r\n    float: left;\r\n}\r\n.sliding-text.reverse{\r\n    transform: rotate(180deg);\r\n}\r\n.sliding-text.reverse .sliding .elementor-heading-title{\r\n    transform: scale(-1, -1);\r\n}\r\n@keyframe sliding{\r\n0%{ transform: translateX(0); }\r\n100%{ transform: translateX(-100%); }\r\n}\r\n@-webkit-keyframes sliding {\r\n0%{ transform: translateX(0); }\r\n100%{ transform: translateX(-100%); }\r\n}\r\n@-moz-keyframes sliding {\r\n0%{ transform: translateX(0); }\r\n100%{ transform: translateX(-100%); }\r\n}\r\n@-o-keyframes sliding {\r\n0%{ transform: translateX(0); }\r\n100%{ transform: translateX(-100%); }\r\n}\r\n@keyframes sliding {\r\n0%{ transform: translateX(0); }\r\n100%{ transform: translateX(-100%); }\r\n}\r\n<\/style><script src=\"https:\/\/code.jquery.com\/jquery-3.6.0.min.js\"><\/script><script>\r\nvar $ = jQuery\r\n\r\n$(document).ready(function(){\r\n\r\n    var h = []\r\n\r\n    $('.sliding-text').each(function(){\r\n        h.push($(this).find('.elementor-widget').clone().html())\r\n    })\r\n\r\n    function init(){\r\n        $('.sliding-text').each(function(i){\r\n\r\n            var $this = $(this)\r\n\r\n            $this.find('.elementor-widget').removeClass('sliding')\r\n\r\n            var amount = Math.ceil($(window).width()\/$(this).find('.elementor-widget-container').outerWidth(true)) + 1\r\n\r\n            $this.find('.elementor-widget').empty().addClass('sliding')\r\n            $this.find('.elementor-widget').html(h[i].repeat(amount))\r\n        })\r\n    }\r\n\r\n    init()\r\n    $(window).on('load resize', init)\r\n})\r\n<\/script>\t\t\t\t<\/div>\n\t\t\t\t<\/div>\n\t\t\t\t<section class=\"elementor-section elementor-inner-section elementor-element elementor-element-2d10d04e elementor-section-full_width elementor-section-height-default elementor-section-height-default\" data-id=\"2d10d04e\" data-element_type=\"section\">\n\t\t\t\t\t\t<div class=\"elementor-container elementor-column-gap-default\">\n\t\t\t\t\t<div class=\"elementor-column elementor-col-100 elementor-inner-column elementor-element elementor-element-3d434b1d sliding-text\" data-id=\"3d434b1d\" data-element_type=\"column\">\n\t\t\t<div class=\"elementor-widget-wrap elementor-element-populated\">\n\t\t\t\t\t\t<div class=\"elementor-element elementor-element-4e6db550 elementor-widget elementor-widget-heading\" data-id=\"4e6db550\" data-element_type=\"widget\" data-widget_type=\"heading.default\">\n\t\t\t\t<div class=\"elementor-widget-container\">\n\t\t\t\t\t<p class=\"elementor-heading-title elementor-size-default\">BON CADEAU AVENTURING \ud83c\udff7\ufe0f<\/p>\t\t\t\t<\/div>\n\t\t\t\t<\/div>\n\t\t\t\t\t<\/div>\n\t\t<\/div>\n\t\t\t\t\t<\/div>\n\t\t<\/section>\n\t\t\t\t<div class=\"elementor-element elementor-element-6324040 elementor-widget elementor-widget-heading\" data-id=\"6324040\" data-element_type=\"widget\" data-widget_type=\"heading.default\">\n\t\t\t\t<div class=\"elementor-widget-container\">\n\t\t\t\t\t<h1 class=\"elementor-heading-title elementor-size-default\">BON CADEAU AVENTURING<\/h1>\t\t\t\t<\/div>\n\t\t\t\t<\/div>\n\t\t\t\t<section class=\"elementor-section elementor-inner-section elementor-element elementor-element-74016595 elementor-section-full_width elementor-section-height-default elementor-section-height-default\" data-id=\"74016595\" data-element_type=\"section\">\n\t\t\t\t\t\t<div class=\"elementor-container elementor-column-gap-default\">\n\t\t\t\t\t<div class=\"elementor-column elementor-col-100 elementor-inner-column elementor-element elementor-element-78f4c55b card-box\" data-id=\"78f4c55b\" data-element_type=\"column\" data-settings=\"{&quot;background_background&quot;:&quot;classic&quot;}\">\n\t\t\t<div class=\"elementor-widget-wrap elementor-element-populated\">\n\t\t\t\t\t\t<div class=\"elementor-element elementor-element-694b3576 elementor-widget elementor-widget-text-editor\" data-id=\"694b3576\" data-element_type=\"widget\" data-widget_type=\"text-editor.default\">\n\t\t\t\t<div class=\"elementor-widget-container\">\n\t\t\t\t\t\t\t\t\t<p>Remplissez le formulaire suivant pour recevoir votre ch\u00e8que-cadeau pour l&rsquo;une de nos activit\u00e9s.<\/p>\t\t\t\t\t\t\t\t<\/div>\n\t\t\t\t<\/div>\n\t\t\t\t<div class=\"elementor-element elementor-element-ed5c923 elementor-widget elementor-widget-wpforms\" data-id=\"ed5c923\" data-element_type=\"widget\" data-widget_type=\"wpforms.default\">\n\t\t\t\t<div class=\"elementor-widget-container\">\n\t\t\t\t\t<div class=\"wpforms-container wpforms-container-full\" id=\"wpforms-5776\"><form id=\"wpforms-form-5776\" class=\"wpforms-validate wpforms-form wpforms-ajax-form\" data-formid=\"5776\" method=\"post\" enctype=\"multipart\/form-data\" action=\"\/fr\/wp-json\/wp\/v2\/pages\/6843\" data-token=\"b736c6522a53293cde2b9efed514e7e3\" data-token-time=\"1777363983\"><noscript class=\"wpforms-error-noscript\">Veuillez activer JavaScript dans votre navigateur pour remplir ce formulaire.<\/noscript><div class=\"wpforms-field-container\"><div id=\"wpforms-5776-field_1-container\" class=\"wpforms-field wpforms-field-select wpforms-two-thirds wpforms-first wpforms-field-select-style-modern\" data-field-id=\"1\"><label class=\"wpforms-field-label\" for=\"wpforms-5776-field_1\">Actividad a realizar <span class=\"wpforms-required-label\">*<\/span><\/label><select id=\"wpforms-5776-field_1\" class=\"wpforms-field-large wpforms-field-required choicesjs-select\" data-size-class=\"wpforms-field-row wpforms-field-large\" data-search-enabled=\"\" name=\"wpforms[fields][1]\" required=\"required\"><option value=\"\" class=\"placeholder\" disabled  selected='selected'><\/option><option value=\"R\u00edo Loco \/ Humor Amarillo\"  class=\"choice-1 depth-1\"  >R\u00edo Loco \/ Humor Amarillo<\/option><option value=\"PaintBall\"  class=\"choice-2 depth-1\"  >PaintBall<\/option><option value=\"Escape Room\"  class=\"choice-4 depth-1\"  >Escape Room<\/option><option value=\"Tiro con Hachas\"  class=\"choice-5 depth-1\"  >Tiro con Hachas<\/option><option value=\"WipeOut\"  class=\"choice-6 depth-1\"  >WipeOut<\/option><option value=\"Pack de Invierno\"  class=\"choice-3 depth-1\"  >Pack de Invierno<\/option><option value=\"Actividades para Escolares\"  class=\"choice-7 depth-1\"  >Actividades para Escolares<\/option><\/select><\/div><div id=\"wpforms-5776-field_2-container\" class=\"wpforms-field wpforms-field-number wpforms-one-third\" data-field-id=\"2\"><label class=\"wpforms-field-label\" for=\"wpforms-5776-field_2\">Total, de participantes (indicar n\u00famero) <span class=\"wpforms-required-label\">*<\/span><\/label><input type=\"number\" id=\"wpforms-5776-field_2\" class=\"wpforms-field-large wpforms-field-required\" name=\"wpforms[fields][2]\" step=\"any\" required><\/div><div id=\"wpforms-5776-field_3-container\" class=\"wpforms-field wpforms-field-text wpforms-one-half wpforms-first\" data-field-id=\"3\"><label class=\"wpforms-field-label\" for=\"wpforms-5776-field_3\">Nombre y Apellidos <span class=\"wpforms-required-label\">*<\/span><\/label><input type=\"text\" id=\"wpforms-5776-field_3\" class=\"wpforms-field-large wpforms-field-required\" name=\"wpforms[fields][3]\" required><\/div><div id=\"wpforms-5776-field_4-container\" class=\"wpforms-field wpforms-field-text wpforms-one-half\" data-field-id=\"4\"><label class=\"wpforms-field-label\" for=\"wpforms-5776-field_4\">DNI <span class=\"wpforms-required-label\">*<\/span><\/label><input type=\"text\" id=\"wpforms-5776-field_4\" class=\"wpforms-field-large wpforms-field-required\" name=\"wpforms[fields][4]\" required><\/div><div id=\"wpforms-5776-field_5-container\" class=\"wpforms-field wpforms-field-text wpforms-one-half wpforms-first\" data-field-id=\"5\"><label class=\"wpforms-field-label\" for=\"wpforms-5776-field_5\">Tel\u00e9fono <span class=\"wpforms-required-label\">*<\/span><\/label><input type=\"text\" id=\"wpforms-5776-field_5\" class=\"wpforms-field-large wpforms-field-required\" name=\"wpforms[fields][5]\" required><\/div><div id=\"wpforms-5776-field_6-container\" class=\"wpforms-field wpforms-field-text wpforms-one-half\" data-field-id=\"6\"><label class=\"wpforms-field-label\" for=\"wpforms-5776-field_6\">E-Mail <span class=\"wpforms-required-label\">*<\/span><\/label><input type=\"text\" id=\"wpforms-5776-field_6\" class=\"wpforms-field-large wpforms-field-required\" name=\"wpforms[fields][6]\" required><\/div><div id=\"wpforms-5776-field_8-container\" class=\"wpforms-field wpforms-field-text\" data-field-id=\"8\"><label class=\"wpforms-field-label\" for=\"wpforms-5776-field_8\">Datos del cheque regalo, Invitaci\u00f3n emitida por: <span class=\"wpforms-required-label\">*<\/span><\/label><input type=\"text\" id=\"wpforms-5776-field_8\" class=\"wpforms-field-large wpforms-field-required\" name=\"wpforms[fields][8]\" required><\/div><div id=\"wpforms-5776-field_9-container\" class=\"wpforms-field wpforms-field-text\" data-field-id=\"9\"><label class=\"wpforms-field-label\" for=\"wpforms-5776-field_9\">Beneficiario 1 <span class=\"wpforms-required-label\">*<\/span><\/label><input type=\"text\" id=\"wpforms-5776-field_9\" class=\"wpforms-field-large wpforms-field-required\" name=\"wpforms[fields][9]\" required><\/div><div id=\"wpforms-5776-field_10-container\" class=\"wpforms-field wpforms-field-text\" data-field-id=\"10\"><label class=\"wpforms-field-label\" for=\"wpforms-5776-field_10\">Beneficiario 2 (opcional)<\/label><input type=\"text\" id=\"wpforms-5776-field_10\" class=\"wpforms-field-large\" name=\"wpforms[fields][10]\" ><\/div><div id=\"wpforms-5776-field_11-container\" class=\"wpforms-field wpforms-field-textarea\" data-field-id=\"11\"><label class=\"wpforms-field-label\" for=\"wpforms-5776-field_11\">Mensaje<\/label><textarea id=\"wpforms-5776-field_11\" class=\"wpforms-field-medium wpforms-limit-characters-enabled\" data-form-id=\"5776\" data-field-id=\"11\" data-text-limit=\"250\" name=\"wpforms[fields][11]\" maxlength=\"250\" ><\/textarea><\/div><div id=\"wpforms-5776-field_7-container\" class=\"wpforms-field wpforms-field-checkbox\" data-field-id=\"7\"><label class=\"wpforms-field-label wpforms-label-hide\">Pol\u00edtica de Aceptaci\u00f3n de condiciones <span class=\"wpforms-required-label\">*<\/span><\/label><ul id=\"wpforms-5776-field_7\" class=\"wpforms-field-required\"><li class=\"choice-1 depth-1\"><input type=\"checkbox\" id=\"wpforms-5776-field_7_1\" name=\"wpforms[fields][7][]\" value=\"He le\u00eddo y acepto las &lt;em&gt;condiciones generales&lt;\/em&gt;.\" required ><label class=\"wpforms-field-label-inline\" for=\"wpforms-5776-field_7_1\">He le\u00eddo y acepto las <em>condiciones generales<\/em>.<\/label><\/li><\/ul><div class=\"wpforms-field-description\">*Consulta nuestras <a href=\"\/condiciones-de-contratacion\/\" target=\"_blank\">condiciones de contrataci\u00f3n generales<\/a>.<\/div><\/div><\/div><!-- .wpforms-field-container --><div class=\"wpforms-recaptcha-container wpforms-is-recaptcha wpforms-is-recaptcha-type-v2\" ><div class=\"g-recaptcha\" data-sitekey=\"6LdvzLUgAAAAAOLb8R-NzUltRduLl2b64aIY2kCB\"><\/div><input type=\"text\" name=\"g-recaptcha-hidden\" class=\"wpforms-recaptcha-hidden\" style=\"position:absolute!important;clip:rect(0,0,0,0)!important;height:1px!important;width:1px!important;border:0!important;overflow:hidden!important;padding:0!important;margin:0!important;\" data-rule-recaptcha=\"1\"><\/div><div class=\"wpforms-submit-container\" ><input type=\"hidden\" name=\"wpforms[id]\" value=\"5776\"><input type=\"hidden\" name=\"page_title\" value=\"\"><input type=\"hidden\" name=\"page_url\" value=\"https:\/\/aventuring.com\/fr\/wp-json\/wp\/v2\/pages\/6843\"><input type=\"hidden\" name=\"url_referer\" value=\"\"><button type=\"submit\" name=\"wpforms[submit]\" id=\"wpforms-submit-5776\" class=\"wpforms-submit\" data-alt-text=\"Enviando...\" data-submit-text=\"Enviar\" aria-live=\"assertive\" value=\"wpforms-submit\">Enviar<\/button><img decoding=\"async\" src=\"https:\/\/aventuring.com\/fr\/wp-content\/plugins\/wpforms-lite\/assets\/images\/submit-spin.svg\" class=\"wpforms-submit-spinner\" style=\"display: none;\" width=\"26\" height=\"26\" alt=\"Chargement en cours\"><\/div><\/form><\/div>  <!-- .wpforms-container -->\t\t\t\t<\/div>\n\t\t\t\t<\/div>\n\t\t\t\t\t<\/div>\n\t\t<\/div>\n\t\t\t\t\t<\/div>\n\t\t<\/section>\n\t\t\t\t\t<\/div>\n\t\t<\/div>\n\t\t\t\t\t<\/div>\n\t\t<\/section>\n\t\t\t\t<\/div>\n\t\t","protected":false},"excerpt":{"rendered":"<p>BON CADEAU AVENTURING \ud83c\udff7\ufe0f BON CADEAU AVENTURING Remplissez le formulaire suivant pour recevoir votre ch\u00e8que-cadeau pour l&rsquo;une de nos activit\u00e9s. Por favor, activa JavaScript en tu navegador para completar este formulario.Actividad a realizar *R\u00edo Loco \/ Humor AmarilloR\u00edo Loco \/ Humor AmarilloPaintBallEscape RoomTiro con HachasWipeOutPack de InviernoActividades para EscolaresTotal, de participantes (indicar n\u00famero) *Nombre y &hellip;<\/p>\n<p class=\"read-more\"> <a class=\"ast-button\" href=\"https:\/\/aventuring.com\/fr\/cheque-cadeau\/\"> <span class=\"screen-reader-text\">Bono Regalo<\/span> Lire la suite \u00bb<\/a><\/p>\n","protected":false},"author":1,"featured_media":0,"parent":0,"menu_order":0,"comment_status":"closed","ping_status":"closed","template":"","meta":{"site-sidebar-layout":"no-sidebar","site-content-layout":"page-builder","ast-main-header-display":"","ast-hfb-above-header-display":"","ast-hfb-below-header-display":"","ast-hfb-mobile-header-display":"","site-post-title":"disabled","ast-breadcrumbs-content":"","ast-featured-img":"disabled","footer-sml-layout":"","theme-transparent-header-meta":"","adv-header-id-meta":"","stick-header-meta":"","header-above-stick-meta":"","header-main-stick-meta":"","header-below-stick-meta":"","footnotes":""},"yoast_head":"<!-- This site is optimized with the Yoast SEO plugin v22.5 - https:\/\/yoast.com\/wordpress\/plugins\/seo\/ -->\n<title>Ch\u00e8que cadeau<\/title>\n<meta name=\"description\" content=\"AVENTURING. Remplissez notre formulaire pour g\u00e9n\u00e9rer un bon cadeau afin de pouvoir offrir l&#039;exp\u00e9rience de l&#039;aventure \u00e0 n&#039;importe qui.\" \/>\n<meta name=\"robots\" content=\"index, follow, max-snippet:-1, max-image-preview:large, max-video-preview:-1\" \/>\n<link rel=\"canonical\" href=\"https:\/\/aventuring.com\/fr\/cheque-cadeau\/\" \/>\n<meta property=\"og:locale\" content=\"fr_FR\" \/>\n<meta property=\"og:type\" content=\"article\" \/>\n<meta property=\"og:title\" content=\"Ch\u00e8que cadeau\" \/>\n<meta property=\"og:description\" content=\"AVENTURING. Remplissez notre formulaire pour g\u00e9n\u00e9rer un bon cadeau afin de pouvoir offrir l&#039;exp\u00e9rience de l&#039;aventure \u00e0 n&#039;importe qui.\" \/>\n<meta property=\"og:url\" content=\"https:\/\/aventuring.com\/fr\/cheque-cadeau\/\" \/>\n<meta property=\"og:site_name\" content=\"Aventuring\" \/>\n<meta property=\"article:publisher\" content=\"https:\/\/www.facebook.com\/aventuring\" \/>\n<meta property=\"article:modified_time\" content=\"2025-04-24T08:39:50+00:00\" \/>\n<meta property=\"og:image\" content=\"https:\/\/aventuring.com\/fr\/wp-content\/plugins\/wpforms-lite\/assets\/images\/submit-spin.svg\" \/>\n<meta name=\"twitter:card\" content=\"summary_large_image\" \/>\n<meta name=\"twitter:site\" content=\"@Aventuring\" \/>\n<meta name=\"twitter:label1\" content=\"Dur\u00e9e de lecture estim\u00e9e\" \/>\n\t<meta name=\"twitter:data1\" content=\"1 minute\" \/>\n<script type=\"application\/ld+json\" class=\"yoast-schema-graph\">{\"@context\":\"https:\/\/schema.org\",\"@graph\":[{\"@type\":\"WebPage\",\"@id\":\"https:\/\/aventuring.com\/fr\/cheque-cadeau\/\",\"url\":\"https:\/\/aventuring.com\/fr\/cheque-cadeau\/\",\"name\":\"Ch\u00e8que cadeau\",\"isPartOf\":{\"@id\":\"https:\/\/aventuring.com\/fr\/#website\"},\"primaryImageOfPage\":{\"@id\":\"https:\/\/aventuring.com\/fr\/cheque-cadeau\/#primaryimage\"},\"image\":{\"@id\":\"https:\/\/aventuring.com\/fr\/cheque-cadeau\/#primaryimage\"},\"thumbnailUrl\":\"https:\/\/aventuring.com\/fr\/wp-content\/plugins\/wpforms-lite\/assets\/images\/submit-spin.svg\",\"datePublished\":\"2025-02-27T15:10:53+00:00\",\"dateModified\":\"2025-04-24T08:39:50+00:00\",\"description\":\"AVENTURING. Remplissez notre formulaire pour g\u00e9n\u00e9rer un bon cadeau afin de pouvoir offrir l'exp\u00e9rience de l'aventure \u00e0 n'importe qui.\",\"breadcrumb\":{\"@id\":\"https:\/\/aventuring.com\/fr\/cheque-cadeau\/#breadcrumb\"},\"inLanguage\":\"fr-FR\",\"potentialAction\":[{\"@type\":\"ReadAction\",\"target\":[\"https:\/\/aventuring.com\/fr\/cheque-cadeau\/\"]}]},{\"@type\":\"ImageObject\",\"inLanguage\":\"fr-FR\",\"@id\":\"https:\/\/aventuring.com\/fr\/cheque-cadeau\/#primaryimage\",\"url\":\"https:\/\/aventuring.com\/fr\/wp-content\/plugins\/wpforms-lite\/assets\/images\/submit-spin.svg\",\"contentUrl\":\"https:\/\/aventuring.com\/fr\/wp-content\/plugins\/wpforms-lite\/assets\/images\/submit-spin.svg\"},{\"@type\":\"BreadcrumbList\",\"@id\":\"https:\/\/aventuring.com\/fr\/cheque-cadeau\/#breadcrumb\",\"itemListElement\":[{\"@type\":\"ListItem\",\"position\":1,\"name\":\"Portada\",\"item\":\"https:\/\/aventuring.com\/fr\/\"},{\"@type\":\"ListItem\",\"position\":2,\"name\":\"Bono Regalo\"}]},{\"@type\":\"WebSite\",\"@id\":\"https:\/\/aventuring.com\/fr\/#website\",\"url\":\"https:\/\/aventuring.com\/fr\/\",\"name\":\"Aventuring\",\"description\":\"\",\"publisher\":{\"@id\":\"https:\/\/aventuring.com\/fr\/#organization\"},\"potentialAction\":[{\"@type\":\"SearchAction\",\"target\":{\"@type\":\"EntryPoint\",\"urlTemplate\":\"https:\/\/aventuring.com\/fr\/?s={search_term_string}\"},\"query-input\":\"required name=search_term_string\"}],\"inLanguage\":\"fr-FR\"},{\"@type\":\"Organization\",\"@id\":\"https:\/\/aventuring.com\/fr\/#organization\",\"name\":\"AVENTURING TURISMO ACTIVO S.L.\",\"url\":\"https:\/\/aventuring.com\/fr\/\",\"logo\":{\"@type\":\"ImageObject\",\"inLanguage\":\"fr-FR\",\"@id\":\"https:\/\/aventuring.com\/fr\/#\/schema\/logo\/image\/\",\"url\":\"https:\/\/aventuring.com\/wp-content\/uploads\/2017\/02\/logo_aventuring_verde.png\",\"contentUrl\":\"https:\/\/aventuring.com\/wp-content\/uploads\/2017\/02\/logo_aventuring_verde.png\",\"width\":248,\"height\":75,\"caption\":\"AVENTURING TURISMO ACTIVO S.L.\"},\"image\":{\"@id\":\"https:\/\/aventuring.com\/fr\/#\/schema\/logo\/image\/\"},\"sameAs\":[\"https:\/\/www.facebook.com\/aventuring\",\"https:\/\/x.com\/Aventuring\",\"https:\/\/www.instagram.com\/Aventuring_\/\"]}]}<\/script>\n<!-- \/ Yoast SEO plugin. -->","yoast_head_json":{"title":"Ch\u00e8que cadeau","description":"AVENTURING. Remplissez notre formulaire pour g\u00e9n\u00e9rer un bon cadeau afin de pouvoir offrir l'exp\u00e9rience de l'aventure \u00e0 n'importe qui.","robots":{"index":"index","follow":"follow","max-snippet":"max-snippet:-1","max-image-preview":"max-image-preview:large","max-video-preview":"max-video-preview:-1"},"canonical":"https:\/\/aventuring.com\/fr\/cheque-cadeau\/","og_locale":"fr_FR","og_type":"article","og_title":"Ch\u00e8que cadeau","og_description":"AVENTURING. Remplissez notre formulaire pour g\u00e9n\u00e9rer un bon cadeau afin de pouvoir offrir l'exp\u00e9rience de l'aventure \u00e0 n'importe qui.","og_url":"https:\/\/aventuring.com\/fr\/cheque-cadeau\/","og_site_name":"Aventuring","article_publisher":"https:\/\/www.facebook.com\/aventuring","article_modified_time":"2025-04-24T08:39:50+00:00","og_image":[{"url":"https:\/\/aventuring.com\/fr\/wp-content\/plugins\/wpforms-lite\/assets\/images\/submit-spin.svg"}],"twitter_card":"summary_large_image","twitter_site":"@Aventuring","twitter_misc":{"Dur\u00e9e de lecture estim\u00e9e":"1 minute"},"schema":{"@context":"https:\/\/schema.org","@graph":[{"@type":"WebPage","@id":"https:\/\/aventuring.com\/fr\/cheque-cadeau\/","url":"https:\/\/aventuring.com\/fr\/cheque-cadeau\/","name":"Ch\u00e8que cadeau","isPartOf":{"@id":"https:\/\/aventuring.com\/fr\/#website"},"primaryImageOfPage":{"@id":"https:\/\/aventuring.com\/fr\/cheque-cadeau\/#primaryimage"},"image":{"@id":"https:\/\/aventuring.com\/fr\/cheque-cadeau\/#primaryimage"},"thumbnailUrl":"https:\/\/aventuring.com\/fr\/wp-content\/plugins\/wpforms-lite\/assets\/images\/submit-spin.svg","datePublished":"2025-02-27T15:10:53+00:00","dateModified":"2025-04-24T08:39:50+00:00","description":"AVENTURING. Remplissez notre formulaire pour g\u00e9n\u00e9rer un bon cadeau afin de pouvoir offrir l'exp\u00e9rience de l'aventure \u00e0 n'importe qui.","breadcrumb":{"@id":"https:\/\/aventuring.com\/fr\/cheque-cadeau\/#breadcrumb"},"inLanguage":"fr-FR","potentialAction":[{"@type":"ReadAction","target":["https:\/\/aventuring.com\/fr\/cheque-cadeau\/"]}]},{"@type":"ImageObject","inLanguage":"fr-FR","@id":"https:\/\/aventuring.com\/fr\/cheque-cadeau\/#primaryimage","url":"https:\/\/aventuring.com\/fr\/wp-content\/plugins\/wpforms-lite\/assets\/images\/submit-spin.svg","contentUrl":"https:\/\/aventuring.com\/fr\/wp-content\/plugins\/wpforms-lite\/assets\/images\/submit-spin.svg"},{"@type":"BreadcrumbList","@id":"https:\/\/aventuring.com\/fr\/cheque-cadeau\/#breadcrumb","itemListElement":[{"@type":"ListItem","position":1,"name":"Portada","item":"https:\/\/aventuring.com\/fr\/"},{"@type":"ListItem","position":2,"name":"Bono Regalo"}]},{"@type":"WebSite","@id":"https:\/\/aventuring.com\/fr\/#website","url":"https:\/\/aventuring.com\/fr\/","name":"Aventuring","description":"","publisher":{"@id":"https:\/\/aventuring.com\/fr\/#organization"},"potentialAction":[{"@type":"SearchAction","target":{"@type":"EntryPoint","urlTemplate":"https:\/\/aventuring.com\/fr\/?s={search_term_string}"},"query-input":"required name=search_term_string"}],"inLanguage":"fr-FR"},{"@type":"Organization","@id":"https:\/\/aventuring.com\/fr\/#organization","name":"AVENTURING TURISMO ACTIVO S.L.","url":"https:\/\/aventuring.com\/fr\/","logo":{"@type":"ImageObject","inLanguage":"fr-FR","@id":"https:\/\/aventuring.com\/fr\/#\/schema\/logo\/image\/","url":"https:\/\/aventuring.com\/wp-content\/uploads\/2017\/02\/logo_aventuring_verde.png","contentUrl":"https:\/\/aventuring.com\/wp-content\/uploads\/2017\/02\/logo_aventuring_verde.png","width":248,"height":75,"caption":"AVENTURING TURISMO ACTIVO S.L."},"image":{"@id":"https:\/\/aventuring.com\/fr\/#\/schema\/logo\/image\/"},"sameAs":["https:\/\/www.facebook.com\/aventuring","https:\/\/x.com\/Aventuring","https:\/\/www.instagram.com\/Aventuring_\/"]}]}},"_links":{"self":[{"href":"https:\/\/aventuring.com\/fr\/wp-json\/wp\/v2\/pages\/6843"}],"collection":[{"href":"https:\/\/aventuring.com\/fr\/wp-json\/wp\/v2\/pages"}],"about":[{"href":"https:\/\/aventuring.com\/fr\/wp-json\/wp\/v2\/types\/page"}],"author":[{"embeddable":true,"href":"https:\/\/aventuring.com\/fr\/wp-json\/wp\/v2\/users\/1"}],"replies":[{"embeddable":true,"href":"https:\/\/aventuring.com\/fr\/wp-json\/wp\/v2\/comments?post=6843"}],"version-history":[{"count":11,"href":"https:\/\/aventuring.com\/fr\/wp-json\/wp\/v2\/pages\/6843\/revisions"}],"predecessor-version":[{"id":7414,"href":"https:\/\/aventuring.com\/fr\/wp-json\/wp\/v2\/pages\/6843\/revisions\/7414"}],"wp:attachment":[{"href":"https:\/\/aventuring.com\/fr\/wp-json\/wp\/v2\/media?parent=6843"}],"curies":[{"name":"wp","href":"https:\/\/api.w.org\/{rel}","templated":true}]}}