{"id":6023,"date":"2024-07-02T11:12:37","date_gmt":"2024-07-02T11:12:37","guid":{"rendered":"https:\/\/aventuring.com\/?page_id=6023"},"modified":"2025-04-24T08:08:01","modified_gmt":"2025-04-24T08:08:01","slug":"qui-nous-sommes","status":"publish","type":"page","link":"https:\/\/aventuring.com\/fr\/qui-nous-sommes\/","title":{"rendered":"Quienes Somos"},"content":{"rendered":"\t\t<div data-elementor-type=\"wp-page\" data-elementor-id=\"6023\" class=\"elementor elementor-6023\" data-elementor-post-type=\"page\">\n\t\t\t\t\t\t<section class=\"elementor-section elementor-top-section elementor-element elementor-element-ae22f37 elementor-section-full_width elementor-section-height-default elementor-section-height-default\" data-id=\"ae22f37\" data-element_type=\"section\" data-settings=\"{&quot;background_background&quot;:&quot;gradient&quot;}\">\n\t\t\t\t\t\t<div class=\"elementor-container elementor-column-gap-default\">\n\t\t\t\t\t<div class=\"elementor-column elementor-col-100 elementor-top-column elementor-element elementor-element-54edeb8\" data-id=\"54edeb8\" data-element_type=\"column\">\n\t\t\t<div class=\"elementor-widget-wrap elementor-element-populated\">\n\t\t\t\t\t\t<div class=\"elementor-element elementor-element-df47e84 elementor-widget elementor-widget-html\" data-id=\"df47e84\" data-element_type=\"widget\" data-widget_type=\"html.default\">\n\t\t\t\t<div class=\"elementor-widget-container\">\n\t\t\t\t\t<style>\r\nbody{\r\n    --speed: 10s;\r\n}\r\n.sliding-text .elementor-widget-wrap{\r\n    display: block !important;\r\n}\r\n.sliding-text .elementor-widget{\r\n    overflow: hidden;\r\n    width: 10000vw !important;\r\n    max-width: 10000vw !important;\r\n}\r\n.sliding-text .sliding .elementor-widget-container{\r\n    -webkit-animation: sliding var(--speed) linear infinite;\r\n    -moz-animation: sliding var(--speed) linear infinite;\r\n    -o-animation: sliding var(--speed) linear infinite;\r\n    animation: sliding var(--speed) linear infinite;\r\n}\r\n.sliding-text .elementor-widget-container{\r\n    float: left;\r\n}\r\n.sliding-text.reverse{\r\n    transform: rotate(180deg);\r\n}\r\n.sliding-text.reverse .sliding .elementor-heading-title{\r\n    transform: scale(-1, -1);\r\n}\r\n@keyframe sliding{\r\n0%{ transform: translateX(0); }\r\n100%{ transform: translateX(-100%); }\r\n}\r\n@-webkit-keyframes sliding {\r\n0%{ transform: translateX(0); }\r\n100%{ transform: translateX(-100%); }\r\n}\r\n@-moz-keyframes sliding {\r\n0%{ transform: translateX(0); }\r\n100%{ transform: translateX(-100%); }\r\n}\r\n@-o-keyframes sliding {\r\n0%{ transform: translateX(0); }\r\n100%{ transform: translateX(-100%); }\r\n}\r\n@keyframes sliding {\r\n0%{ transform: translateX(0); }\r\n100%{ transform: translateX(-100%); }\r\n}\r\n<\/style><script src=\"https:\/\/code.jquery.com\/jquery-3.6.0.min.js\"><\/script><script>\r\nvar $ = jQuery\r\n\r\n$(document).ready(function(){\r\n\r\n    var h = []\r\n\r\n    $('.sliding-text').each(function(){\r\n        h.push($(this).find('.elementor-widget').clone().html())\r\n    })\r\n\r\n    function init(){\r\n        $('.sliding-text').each(function(i){\r\n\r\n            var $this = $(this)\r\n\r\n            $this.find('.elementor-widget').removeClass('sliding')\r\n\r\n            var amount = Math.ceil($(window).width()\/$(this).find('.elementor-widget-container').outerWidth(true)) + 1\r\n\r\n            $this.find('.elementor-widget').empty().addClass('sliding')\r\n            $this.find('.elementor-widget').html(h[i].repeat(amount))\r\n        })\r\n    }\r\n\r\n    init()\r\n    $(window).on('load resize', init)\r\n})\r\n<\/script>\t\t\t\t<\/div>\n\t\t\t\t<\/div>\n\t\t\t\t<section class=\"elementor-section elementor-inner-section elementor-element elementor-element-795a1de elementor-section-full_width elementor-section-height-default elementor-section-height-default\" data-id=\"795a1de\" data-element_type=\"section\">\n\t\t\t\t\t\t<div class=\"elementor-container elementor-column-gap-default\">\n\t\t\t\t\t<div class=\"elementor-column elementor-col-100 elementor-inner-column elementor-element elementor-element-eee41c9 sliding-text\" data-id=\"eee41c9\" data-element_type=\"column\">\n\t\t\t<div class=\"elementor-widget-wrap elementor-element-populated\">\n\t\t\t\t\t\t<div class=\"elementor-element elementor-element-f5404cc elementor-widget elementor-widget-heading\" data-id=\"f5404cc\" data-element_type=\"widget\" data-widget_type=\"heading.default\">\n\t\t\t\t<div class=\"elementor-widget-container\">\n\t\t\t\t\t<p class=\"elementor-heading-title elementor-size-default\">EXP\u00c9RIENCES D'AVENTURE UNIQUES \u2764<\/p>\t\t\t\t<\/div>\n\t\t\t\t<\/div>\n\t\t\t\t\t<\/div>\n\t\t<\/div>\n\t\t\t\t\t<\/div>\n\t\t<\/section>\n\t\t\t\t<div class=\"elementor-element elementor-element-590fc68 elementor-widget elementor-widget-heading\" data-id=\"590fc68\" data-element_type=\"widget\" data-widget_type=\"heading.default\">\n\t\t\t\t<div class=\"elementor-widget-container\">\n\t\t\t\t\t<h1 class=\"elementor-heading-title elementor-size-default\">QUI NOUS SOMMES<\/h1>\t\t\t\t<\/div>\n\t\t\t\t<\/div>\n\t\t\t\t<section class=\"elementor-section elementor-inner-section elementor-element elementor-element-942ecf8 elementor-section-full_width elementor-section-content-middle elementor-section-height-default elementor-section-height-default\" data-id=\"942ecf8\" data-element_type=\"section\">\n\t\t\t\t\t\t<div class=\"elementor-container elementor-column-gap-default\">\n\t\t\t\t\t<div class=\"elementor-column elementor-col-50 elementor-inner-column elementor-element elementor-element-34ee31d card-box\" data-id=\"34ee31d\" data-element_type=\"column\" data-settings=\"{&quot;background_background&quot;:&quot;classic&quot;}\">\n\t\t\t<div class=\"elementor-widget-wrap elementor-element-populated\">\n\t\t\t\t\t\t<div class=\"elementor-element elementor-element-9a68f30 elementor-widget elementor-widget-text-editor\" data-id=\"9a68f30\" data-element_type=\"widget\" data-widget_type=\"text-editor.default\">\n\t\t\t\t<div class=\"elementor-widget-container\">\n\t\t\t\t\t\t\t\t\t<p>Aventuring est une entreprise d\u00e9di\u00e9e \u00e0 la cr\u00e9ation d&rsquo;exp\u00e9riences uniques d&rsquo;aventure et de nature. Fond\u00e9e en 2005, notre mission est de connecter les gens avec l&rsquo;environnement \u00e0 travers des activit\u00e9s de plein air qui non seulement divertissent, mais \u00e9duquent \u00e9galement et favorisent le respect de notre environnement naturel.<\/p>\t\t\t\t\t\t\t\t<\/div>\n\t\t\t\t<\/div>\n\t\t\t\t<div class=\"elementor-element elementor-element-2c58071 elementor-widget elementor-widget-heading\" data-id=\"2c58071\" data-element_type=\"widget\" data-widget_type=\"heading.default\">\n\t\t\t\t<div class=\"elementor-widget-container\">\n\t\t\t\t\t<h2 class=\"elementor-heading-title elementor-size-default\">NOTRE HISTOIRE<\/h2>\t\t\t\t<\/div>\n\t\t\t\t<\/div>\n\t\t\t\t<div class=\"elementor-element elementor-element-fb16be2 elementor-widget elementor-widget-text-editor\" data-id=\"fb16be2\" data-element_type=\"widget\" data-widget_type=\"text-editor.default\">\n\t\t\t\t<div class=\"elementor-widget-container\">\n\t\t\t\t\t\t\t\t\t<p>Depuis nos humbles d\u00e9buts en tant que petite entreprise locale \u00e0 Massanes, G\u00e9rone, Aventuring est devenu un leader reconnu dans le secteur du tourisme d&rsquo;aventure. Avec plus de 18 ans d&rsquo;exp\u00e9rience, nous avons aid\u00e9 des milliers d&rsquo;aventuriers \u00e0 explorer et \u00e0 d\u00e9couvrir des paysages \u00e0 couper le souffle, toujours avec un engagement ind\u00e9fectible envers la s\u00e9curit\u00e9 et la durabilit\u00e9.<\/p><p>Fondateurs, Carlos Navas et Alicia Garrido.<\/p>\t\t\t\t\t\t\t\t<\/div>\n\t\t\t\t<\/div>\n\t\t\t\t<div class=\"elementor-element elementor-element-a7052a3 elementor-widget elementor-widget-heading\" data-id=\"a7052a3\" data-element_type=\"widget\" data-widget_type=\"heading.default\">\n\t\t\t\t<div class=\"elementor-widget-container\">\n\t\t\t\t\t<h2 class=\"elementor-heading-title elementor-size-default\">NOTRE \u00c9QUIPE<\/h2>\t\t\t\t<\/div>\n\t\t\t\t<\/div>\n\t\t\t\t<div class=\"elementor-element elementor-element-7b80b34 elementor-widget elementor-widget-text-editor\" data-id=\"7b80b34\" data-element_type=\"widget\" data-widget_type=\"text-editor.default\">\n\t\t\t\t<div class=\"elementor-widget-container\">\n\t\t\t\t\t\t\t\t\t<p>Notre \u00e9quipe est compos\u00e9e de professionnels passionn\u00e9s par le tourisme et l&rsquo;aventure. Des instructeurs experts et amoureux de la nature \u00e0 notre personnel de soutien et de service client, nous partageons tous un objectif : faire en sorte que votre exp\u00e9rience soit inoubliable.<\/p>\t\t\t\t\t\t\t\t<\/div>\n\t\t\t\t<\/div>\n\t\t\t\t\t<\/div>\n\t\t<\/div>\n\t\t\t\t<div class=\"elementor-column elementor-col-50 elementor-inner-column elementor-element elementor-element-c7117ab card-box\" data-id=\"c7117ab\" data-element_type=\"column\" data-settings=\"{&quot;background_background&quot;:&quot;classic&quot;}\">\n\t\t\t<div class=\"elementor-widget-wrap elementor-element-populated\">\n\t\t\t\t\t\t<div class=\"elementor-element elementor-element-492f511 elementor-widget elementor-widget-image\" data-id=\"492f511\" data-element_type=\"widget\" data-widget_type=\"image.default\">\n\t\t\t\t<div class=\"elementor-widget-container\">\n\t\t\t\t\t\t\t\t\t\t\t\t\t\t\t<img fetchpriority=\"high\" decoding=\"async\" width=\"1067\" height=\"800\" src=\"https:\/\/aventuring.com\/fr\/wp-content\/uploads\/2024\/07\/quienes_somos_equipo_aventuring.jpg\" class=\"attachment-full size-full wp-image-6026\" alt=\"Equipo de profesionales de aventuring\" srcset=\"https:\/\/aventuring.com\/fr\/wp-content\/uploads\/2024\/07\/quienes_somos_equipo_aventuring.jpg 1067w, https:\/\/aventuring.com\/fr\/wp-content\/uploads\/2024\/07\/quienes_somos_equipo_aventuring-640x480.jpg 640w, https:\/\/aventuring.com\/fr\/wp-content\/uploads\/2024\/07\/quienes_somos_equipo_aventuring-1024x768.jpg 1024w\" sizes=\"(max-width: 1067px) 100vw, 1067px\" \/>\t\t\t\t\t\t\t\t\t\t\t\t\t\t\t<\/div>\n\t\t\t\t<\/div>\n\t\t\t\t\t<\/div>\n\t\t<\/div>\n\t\t\t\t\t<\/div>\n\t\t<\/section>\n\t\t\t\t<section class=\"elementor-section elementor-inner-section elementor-element elementor-element-b22679c elementor-section-full_width elementor-section-content-middle elementor-section-height-default elementor-section-height-default\" data-id=\"b22679c\" data-element_type=\"section\">\n\t\t\t\t\t\t<div class=\"elementor-container elementor-column-gap-default\">\n\t\t\t\t\t<div class=\"elementor-column elementor-col-50 elementor-inner-column elementor-element elementor-element-c0768c3 card-box\" data-id=\"c0768c3\" data-element_type=\"column\" data-settings=\"{&quot;background_background&quot;:&quot;classic&quot;}\">\n\t\t\t<div class=\"elementor-widget-wrap elementor-element-populated\">\n\t\t\t\t\t\t<div class=\"elementor-element elementor-element-13d939d elementor-widget elementor-widget-heading\" data-id=\"13d939d\" data-element_type=\"widget\" data-widget_type=\"heading.default\">\n\t\t\t\t<div class=\"elementor-widget-container\">\n\t\t\t\t\t<h2 class=\"elementor-heading-title elementor-size-default\">POURQUOI CHOISIR AVENTURING ?<\/h2>\t\t\t\t<\/div>\n\t\t\t\t<\/div>\n\t\t\t\t<div class=\"elementor-element elementor-element-e63c981 elementor-widget elementor-widget-text-editor\" data-id=\"e63c981\" data-element_type=\"widget\" data-widget_type=\"text-editor.default\">\n\t\t\t\t<div class=\"elementor-widget-container\">\n\t\t\t\t\t\t\t\t\t<p>ChoisirAventuring , c&rsquo;est choisir la s\u00e9curit\u00e9, la confiance et l&rsquo;aventure. Chacune de nos activit\u00e9s est con\u00e7ue pour vous offrir un maximum de sensations fortes sans compromettre votre bien-\u00eatre. Nous nous adressons \u00e0 tous les types d&rsquo;aventuriers, des d\u00e9butants aux plus exp\u00e9riment\u00e9s, en garantissant toujours une exp\u00e9rience personnalis\u00e9e et enrichissante.<\/p>\t\t\t\t\t\t\t\t<\/div>\n\t\t\t\t<\/div>\n\t\t\t\t<div class=\"elementor-element elementor-element-ebc1716 elementor-align-center elementor-widget elementor-widget-button\" data-id=\"ebc1716\" data-element_type=\"widget\" data-widget_type=\"button.default\">\n\t\t\t\t<div class=\"elementor-widget-container\">\n\t\t\t\t\t\t\t\t\t<div class=\"elementor-button-wrapper\">\n\t\t\t\t\t<a class=\"elementor-button elementor-button-link elementor-size-md\" href=\"https:\/\/aventuring.com\/fr\/ou-sommes-nous\/\">\n\t\t\t\t\t\t<span class=\"elementor-button-content-wrapper\">\n\t\t\t\t\t\t\t\t\t<span class=\"elementor-button-text\">O\u00d9 NOUS SOMMES<\/span>\n\t\t\t\t\t<\/span>\n\t\t\t\t\t<\/a>\n\t\t\t\t<\/div>\n\t\t\t\t\t\t\t\t<\/div>\n\t\t\t\t<\/div>\n\t\t\t\t\t<\/div>\n\t\t<\/div>\n\t\t\t\t<div class=\"elementor-column elementor-col-50 elementor-inner-column elementor-element elementor-element-c15f542 card-box\" data-id=\"c15f542\" data-element_type=\"column\" data-settings=\"{&quot;background_background&quot;:&quot;classic&quot;}\">\n\t\t\t<div class=\"elementor-widget-wrap elementor-element-populated\">\n\t\t\t\t\t\t<div class=\"elementor-element elementor-element-c8e7668 elementor-widget elementor-widget-heading\" data-id=\"c8e7668\" data-element_type=\"widget\" data-widget_type=\"heading.default\">\n\t\t\t\t<div class=\"elementor-widget-container\">\n\t\t\t\t\t<h2 class=\"elementor-heading-title elementor-size-default\">ENGAGEMENT ENVERS LA COMMUNAUT\u00c9 ET L'ENVIRONNEMENT<\/h2>\t\t\t\t<\/div>\n\t\t\t\t<\/div>\n\t\t\t\t<div class=\"elementor-element elementor-element-fdc213e elementor-widget elementor-widget-text-editor\" data-id=\"fdc213e\" data-element_type=\"widget\" data-widget_type=\"text-editor.default\">\n\t\t\t\t<div class=\"elementor-widget-container\">\n\t\t\t\t\t\t\t\t\t<p>Chez Aventuring, nous sommes des pionniers dans les activit\u00e9s de plein air, une r\u00e9f\u00e9rence nationale en mati\u00e8re d&rsquo;innovation, prot\u00e9geant et pr\u00e9servant les paysages que nous aimons pour assurer un avenir plus vert et plus juste pour tous.<\/p><p>Producimos el 100% de la energ\u00eda el\u00e9ctrica necesaria y el 100% del agua necesaria para la realizaci\u00f3n de las actividades, es recolectada y almacenada a partir de la lluvia.<\/p>\t\t\t\t\t\t\t\t<\/div>\n\t\t\t\t<\/div>\n\t\t\t\t\t<\/div>\n\t\t<\/div>\n\t\t\t\t\t<\/div>\n\t\t<\/section>\n\t\t\t\t\t<\/div>\n\t\t<\/div>\n\t\t\t\t\t<\/div>\n\t\t<\/section>\n\t\t\t\t<\/div>\n\t\t","protected":false},"excerpt":{"rendered":"<p>EXP\u00c9RIENCES D&rsquo;AVENTURE UNIQUES \u2764 QUI NOUS SOMMES Aventuring est une entreprise d\u00e9di\u00e9e \u00e0 la cr\u00e9ation d&rsquo;exp\u00e9riences uniques d&rsquo;aventure et de nature. Fond\u00e9e en 2005, notre mission est de connecter les gens avec l&rsquo;environnement \u00e0 travers des activit\u00e9s de plein air qui non seulement divertissent, mais \u00e9duquent \u00e9galement et favorisent le respect de notre environnement naturel. &hellip;<\/p>\n<p class=\"read-more\"> <a class=\"ast-button\" href=\"https:\/\/aventuring.com\/fr\/qui-nous-sommes\/\"> <span class=\"screen-reader-text\">Quienes Somos<\/span> Lire la suite \u00bb<\/a><\/p>\n","protected":false},"author":1,"featured_media":0,"parent":0,"menu_order":0,"comment_status":"closed","ping_status":"closed","template":"","meta":{"site-sidebar-layout":"no-sidebar","site-content-layout":"page-builder","ast-main-header-display":"","ast-hfb-above-header-display":"","ast-hfb-below-header-display":"","ast-hfb-mobile-header-display":"","site-post-title":"disabled","ast-breadcrumbs-content":"","ast-featured-img":"disabled","footer-sml-layout":"","theme-transparent-header-meta":"","adv-header-id-meta":"","stick-header-meta":"","header-above-stick-meta":"","header-main-stick-meta":"","header-below-stick-meta":"","footnotes":""},"yoast_head":"<!-- This site is optimized with the Yoast SEO plugin v22.5 - https:\/\/yoast.com\/wordpress\/plugins\/seo\/ -->\n<title>QUI NOUS SOMMES<\/title>\n<meta name=\"description\" content=\"AVENTURING. Nous sommes une entreprise fond\u00e9e en 2005 d\u00e9di\u00e9e \u00e0 la cr\u00e9ation d&#039;exp\u00e9riences uniques d&#039;aventure et de nature.\" \/>\n<meta name=\"robots\" content=\"index, follow, max-snippet:-1, max-image-preview:large, max-video-preview:-1\" \/>\n<link rel=\"canonical\" href=\"https:\/\/aventuring.com\/fr\/qui-nous-sommes\/\" \/>\n<meta property=\"og:locale\" content=\"fr_FR\" \/>\n<meta property=\"og:type\" content=\"article\" \/>\n<meta property=\"og:title\" content=\"QUI NOUS SOMMES\" \/>\n<meta property=\"og:description\" content=\"AVENTURING. Nous sommes une entreprise fond\u00e9e en 2005 d\u00e9di\u00e9e \u00e0 la cr\u00e9ation d&#039;exp\u00e9riences uniques d&#039;aventure et de nature.\" \/>\n<meta property=\"og:url\" content=\"https:\/\/aventuring.com\/fr\/qui-nous-sommes\/\" \/>\n<meta property=\"og:site_name\" content=\"Aventuring\" \/>\n<meta property=\"article:publisher\" content=\"https:\/\/www.facebook.com\/aventuring\" \/>\n<meta property=\"article:modified_time\" content=\"2025-04-24T08:08:01+00:00\" \/>\n<meta property=\"og:image\" content=\"https:\/\/aventuring.com\/fr\/wp-content\/uploads\/2024\/07\/quienes_somos_equipo_aventuring.jpg\" \/>\n<meta name=\"twitter:card\" content=\"summary_large_image\" \/>\n<meta name=\"twitter:site\" content=\"@Aventuring\" \/>\n<meta name=\"twitter:label1\" content=\"Dur\u00e9e de lecture estim\u00e9e\" \/>\n\t<meta name=\"twitter:data1\" content=\"2 minutes\" \/>\n<script type=\"application\/ld+json\" class=\"yoast-schema-graph\">{\"@context\":\"https:\/\/schema.org\",\"@graph\":[{\"@type\":\"WebPage\",\"@id\":\"https:\/\/aventuring.com\/fr\/qui-nous-sommes\/\",\"url\":\"https:\/\/aventuring.com\/fr\/qui-nous-sommes\/\",\"name\":\"QUI NOUS SOMMES\",\"isPartOf\":{\"@id\":\"https:\/\/aventuring.com\/fr\/#website\"},\"primaryImageOfPage\":{\"@id\":\"https:\/\/aventuring.com\/fr\/qui-nous-sommes\/#primaryimage\"},\"image\":{\"@id\":\"https:\/\/aventuring.com\/fr\/qui-nous-sommes\/#primaryimage\"},\"thumbnailUrl\":\"https:\/\/aventuring.com\/fr\/wp-content\/uploads\/2024\/07\/quienes_somos_equipo_aventuring.jpg\",\"datePublished\":\"2024-07-02T11:12:37+00:00\",\"dateModified\":\"2025-04-24T08:08:01+00:00\",\"description\":\"AVENTURING. Nous sommes une entreprise fond\u00e9e en 2005 d\u00e9di\u00e9e \u00e0 la cr\u00e9ation d'exp\u00e9riences uniques d'aventure et de nature.\",\"breadcrumb\":{\"@id\":\"https:\/\/aventuring.com\/fr\/qui-nous-sommes\/#breadcrumb\"},\"inLanguage\":\"fr-FR\",\"potentialAction\":[{\"@type\":\"ReadAction\",\"target\":[\"https:\/\/aventuring.com\/fr\/qui-nous-sommes\/\"]}]},{\"@type\":\"ImageObject\",\"inLanguage\":\"fr-FR\",\"@id\":\"https:\/\/aventuring.com\/fr\/qui-nous-sommes\/#primaryimage\",\"url\":\"https:\/\/aventuring.com\/fr\/wp-content\/uploads\/2024\/07\/quienes_somos_equipo_aventuring.jpg\",\"contentUrl\":\"https:\/\/aventuring.com\/fr\/wp-content\/uploads\/2024\/07\/quienes_somos_equipo_aventuring.jpg\",\"width\":1067,\"height\":800,\"caption\":\"Equipo de profesionales de aventuring\"},{\"@type\":\"BreadcrumbList\",\"@id\":\"https:\/\/aventuring.com\/fr\/qui-nous-sommes\/#breadcrumb\",\"itemListElement\":[{\"@type\":\"ListItem\",\"position\":1,\"name\":\"Portada\",\"item\":\"https:\/\/aventuring.com\/fr\/\"},{\"@type\":\"ListItem\",\"position\":2,\"name\":\"Quienes Somos\"}]},{\"@type\":\"WebSite\",\"@id\":\"https:\/\/aventuring.com\/fr\/#website\",\"url\":\"https:\/\/aventuring.com\/fr\/\",\"name\":\"Aventuring\",\"description\":\"\",\"publisher\":{\"@id\":\"https:\/\/aventuring.com\/fr\/#organization\"},\"potentialAction\":[{\"@type\":\"SearchAction\",\"target\":{\"@type\":\"EntryPoint\",\"urlTemplate\":\"https:\/\/aventuring.com\/fr\/?s={search_term_string}\"},\"query-input\":\"required name=search_term_string\"}],\"inLanguage\":\"fr-FR\"},{\"@type\":\"Organization\",\"@id\":\"https:\/\/aventuring.com\/fr\/#organization\",\"name\":\"AVENTURING TURISMO ACTIVO S.L.\",\"url\":\"https:\/\/aventuring.com\/fr\/\",\"logo\":{\"@type\":\"ImageObject\",\"inLanguage\":\"fr-FR\",\"@id\":\"https:\/\/aventuring.com\/fr\/#\/schema\/logo\/image\/\",\"url\":\"https:\/\/aventuring.com\/wp-content\/uploads\/2017\/02\/logo_aventuring_verde.png\",\"contentUrl\":\"https:\/\/aventuring.com\/wp-content\/uploads\/2017\/02\/logo_aventuring_verde.png\",\"width\":248,\"height\":75,\"caption\":\"AVENTURING TURISMO ACTIVO S.L.\"},\"image\":{\"@id\":\"https:\/\/aventuring.com\/fr\/#\/schema\/logo\/image\/\"},\"sameAs\":[\"https:\/\/www.facebook.com\/aventuring\",\"https:\/\/x.com\/Aventuring\",\"https:\/\/www.instagram.com\/Aventuring_\/\"]}]}<\/script>\n<!-- \/ Yoast SEO plugin. -->","yoast_head_json":{"title":"QUI NOUS SOMMES","description":"AVENTURING. Nous sommes une entreprise fond\u00e9e en 2005 d\u00e9di\u00e9e \u00e0 la cr\u00e9ation d'exp\u00e9riences uniques d'aventure et de nature.","robots":{"index":"index","follow":"follow","max-snippet":"max-snippet:-1","max-image-preview":"max-image-preview:large","max-video-preview":"max-video-preview:-1"},"canonical":"https:\/\/aventuring.com\/fr\/qui-nous-sommes\/","og_locale":"fr_FR","og_type":"article","og_title":"QUI NOUS SOMMES","og_description":"AVENTURING. Nous sommes une entreprise fond\u00e9e en 2005 d\u00e9di\u00e9e \u00e0 la cr\u00e9ation d'exp\u00e9riences uniques d'aventure et de nature.","og_url":"https:\/\/aventuring.com\/fr\/qui-nous-sommes\/","og_site_name":"Aventuring","article_publisher":"https:\/\/www.facebook.com\/aventuring","article_modified_time":"2025-04-24T08:08:01+00:00","og_image":[{"url":"https:\/\/aventuring.com\/fr\/wp-content\/uploads\/2024\/07\/quienes_somos_equipo_aventuring.jpg"}],"twitter_card":"summary_large_image","twitter_site":"@Aventuring","twitter_misc":{"Dur\u00e9e de lecture estim\u00e9e":"2 minutes"},"schema":{"@context":"https:\/\/schema.org","@graph":[{"@type":"WebPage","@id":"https:\/\/aventuring.com\/fr\/qui-nous-sommes\/","url":"https:\/\/aventuring.com\/fr\/qui-nous-sommes\/","name":"QUI NOUS SOMMES","isPartOf":{"@id":"https:\/\/aventuring.com\/fr\/#website"},"primaryImageOfPage":{"@id":"https:\/\/aventuring.com\/fr\/qui-nous-sommes\/#primaryimage"},"image":{"@id":"https:\/\/aventuring.com\/fr\/qui-nous-sommes\/#primaryimage"},"thumbnailUrl":"https:\/\/aventuring.com\/fr\/wp-content\/uploads\/2024\/07\/quienes_somos_equipo_aventuring.jpg","datePublished":"2024-07-02T11:12:37+00:00","dateModified":"2025-04-24T08:08:01+00:00","description":"AVENTURING. Nous sommes une entreprise fond\u00e9e en 2005 d\u00e9di\u00e9e \u00e0 la cr\u00e9ation d'exp\u00e9riences uniques d'aventure et de nature.","breadcrumb":{"@id":"https:\/\/aventuring.com\/fr\/qui-nous-sommes\/#breadcrumb"},"inLanguage":"fr-FR","potentialAction":[{"@type":"ReadAction","target":["https:\/\/aventuring.com\/fr\/qui-nous-sommes\/"]}]},{"@type":"ImageObject","inLanguage":"fr-FR","@id":"https:\/\/aventuring.com\/fr\/qui-nous-sommes\/#primaryimage","url":"https:\/\/aventuring.com\/fr\/wp-content\/uploads\/2024\/07\/quienes_somos_equipo_aventuring.jpg","contentUrl":"https:\/\/aventuring.com\/fr\/wp-content\/uploads\/2024\/07\/quienes_somos_equipo_aventuring.jpg","width":1067,"height":800,"caption":"Equipo de profesionales de aventuring"},{"@type":"BreadcrumbList","@id":"https:\/\/aventuring.com\/fr\/qui-nous-sommes\/#breadcrumb","itemListElement":[{"@type":"ListItem","position":1,"name":"Portada","item":"https:\/\/aventuring.com\/fr\/"},{"@type":"ListItem","position":2,"name":"Quienes Somos"}]},{"@type":"WebSite","@id":"https:\/\/aventuring.com\/fr\/#website","url":"https:\/\/aventuring.com\/fr\/","name":"Aventuring","description":"","publisher":{"@id":"https:\/\/aventuring.com\/fr\/#organization"},"potentialAction":[{"@type":"SearchAction","target":{"@type":"EntryPoint","urlTemplate":"https:\/\/aventuring.com\/fr\/?s={search_term_string}"},"query-input":"required name=search_term_string"}],"inLanguage":"fr-FR"},{"@type":"Organization","@id":"https:\/\/aventuring.com\/fr\/#organization","name":"AVENTURING TURISMO ACTIVO S.L.","url":"https:\/\/aventuring.com\/fr\/","logo":{"@type":"ImageObject","inLanguage":"fr-FR","@id":"https:\/\/aventuring.com\/fr\/#\/schema\/logo\/image\/","url":"https:\/\/aventuring.com\/wp-content\/uploads\/2017\/02\/logo_aventuring_verde.png","contentUrl":"https:\/\/aventuring.com\/wp-content\/uploads\/2017\/02\/logo_aventuring_verde.png","width":248,"height":75,"caption":"AVENTURING TURISMO ACTIVO S.L."},"image":{"@id":"https:\/\/aventuring.com\/fr\/#\/schema\/logo\/image\/"},"sameAs":["https:\/\/www.facebook.com\/aventuring","https:\/\/x.com\/Aventuring","https:\/\/www.instagram.com\/Aventuring_\/"]}]}},"_links":{"self":[{"href":"https:\/\/aventuring.com\/fr\/wp-json\/wp\/v2\/pages\/6023"}],"collection":[{"href":"https:\/\/aventuring.com\/fr\/wp-json\/wp\/v2\/pages"}],"about":[{"href":"https:\/\/aventuring.com\/fr\/wp-json\/wp\/v2\/types\/page"}],"author":[{"embeddable":true,"href":"https:\/\/aventuring.com\/fr\/wp-json\/wp\/v2\/users\/1"}],"replies":[{"embeddable":true,"href":"https:\/\/aventuring.com\/fr\/wp-json\/wp\/v2\/comments?post=6023"}],"version-history":[{"count":47,"href":"https:\/\/aventuring.com\/fr\/wp-json\/wp\/v2\/pages\/6023\/revisions"}],"predecessor-version":[{"id":7403,"href":"https:\/\/aventuring.com\/fr\/wp-json\/wp\/v2\/pages\/6023\/revisions\/7403"}],"wp:attachment":[{"href":"https:\/\/aventuring.com\/fr\/wp-json\/wp\/v2\/media?parent=6023"}],"curies":[{"name":"wp","href":"https:\/\/api.w.org\/{rel}","templated":true}]}}