{"id":5993,"date":"2024-06-05T11:24:49","date_gmt":"2024-06-05T11:24:49","guid":{"rendered":"https:\/\/aventuring.com\/?page_id=5993"},"modified":"2025-05-02T10:14:04","modified_gmt":"2025-05-02T10:14:04","slug":"tour-virtual","status":"publish","type":"page","link":"https:\/\/aventuring.com\/fr\/tour-virtual\/","title":{"rendered":"Tour Virtual Aventuring"},"content":{"rendered":"\t\t<div data-elementor-type=\"wp-page\" data-elementor-id=\"5993\" class=\"elementor elementor-5993\" data-elementor-post-type=\"page\">\n\t\t\t\t\t\t<section class=\"elementor-section elementor-top-section elementor-element elementor-element-6cf9b7ce elementor-section-full_width elementor-section-height-default elementor-section-height-default\" data-id=\"6cf9b7ce\" data-element_type=\"section\" data-settings=\"{&quot;background_background&quot;:&quot;gradient&quot;}\">\n\t\t\t\t\t\t<div class=\"elementor-container elementor-column-gap-default\">\n\t\t\t\t\t<div class=\"elementor-column elementor-col-100 elementor-top-column elementor-element elementor-element-4a14425a\" data-id=\"4a14425a\" data-element_type=\"column\">\n\t\t\t<div class=\"elementor-widget-wrap elementor-element-populated\">\n\t\t\t\t\t\t<div class=\"elementor-element elementor-element-461defaf elementor-widget elementor-widget-html\" data-id=\"461defaf\" data-element_type=\"widget\" data-widget_type=\"html.default\">\n\t\t\t\t<div class=\"elementor-widget-container\">\n\t\t\t\t\t<style>\r\nbody{\r\n    --speed: 10s;\r\n}\r\n.sliding-text .elementor-widget-wrap{\r\n    display: block !important;\r\n}\r\n.sliding-text .elementor-widget{\r\n    overflow: hidden;\r\n    width: 10000vw !important;\r\n    max-width: 10000vw !important;\r\n}\r\n.sliding-text .sliding .elementor-widget-container{\r\n    -webkit-animation: sliding var(--speed) linear infinite;\r\n    -moz-animation: sliding var(--speed) linear infinite;\r\n    -o-animation: sliding var(--speed) linear infinite;\r\n    animation: sliding var(--speed) linear infinite;\r\n}\r\n.sliding-text .elementor-widget-container{\r\n    float: left;\r\n}\r\n.sliding-text.reverse{\r\n    transform: rotate(180deg);\r\n}\r\n.sliding-text.reverse .sliding .elementor-heading-title{\r\n    transform: scale(-1, -1);\r\n}\r\n@keyframe sliding{\r\n0%{ transform: translateX(0); }\r\n100%{ transform: translateX(-100%); }\r\n}\r\n@-webkit-keyframes sliding {\r\n0%{ transform: translateX(0); }\r\n100%{ transform: translateX(-100%); }\r\n}\r\n@-moz-keyframes sliding {\r\n0%{ transform: translateX(0); }\r\n100%{ transform: translateX(-100%); }\r\n}\r\n@-o-keyframes sliding {\r\n0%{ transform: translateX(0); }\r\n100%{ transform: translateX(-100%); }\r\n}\r\n@keyframes sliding {\r\n0%{ transform: translateX(0); }\r\n100%{ transform: translateX(-100%); }\r\n}\r\n<\/style><script src=\"https:\/\/code.jquery.com\/jquery-3.6.0.min.js\"><\/script><script>\r\nvar $ = jQuery\r\n\r\n$(document).ready(function(){\r\n\r\n    var h = []\r\n\r\n    $('.sliding-text').each(function(){\r\n        h.push($(this).find('.elementor-widget').clone().html())\r\n    })\r\n\r\n    function init(){\r\n        $('.sliding-text').each(function(i){\r\n\r\n            var $this = $(this)\r\n\r\n            $this.find('.elementor-widget').removeClass('sliding')\r\n\r\n            var amount = Math.ceil($(window).width()\/$(this).find('.elementor-widget-container').outerWidth(true)) + 1\r\n\r\n            $this.find('.elementor-widget').empty().addClass('sliding')\r\n            $this.find('.elementor-widget').html(h[i].repeat(amount))\r\n        })\r\n    }\r\n\r\n    init()\r\n    $(window).on('load resize', init)\r\n})\r\n<\/script>\t\t\t\t<\/div>\n\t\t\t\t<\/div>\n\t\t\t\t<section class=\"elementor-section elementor-inner-section elementor-element elementor-element-4006cb0b elementor-section-full_width elementor-section-height-default elementor-section-height-default\" data-id=\"4006cb0b\" data-element_type=\"section\">\n\t\t\t\t\t\t<div class=\"elementor-container elementor-column-gap-default\">\n\t\t\t\t\t<div class=\"elementor-column elementor-col-100 elementor-inner-column elementor-element elementor-element-792deaa7 sliding-text\" data-id=\"792deaa7\" data-element_type=\"column\">\n\t\t\t<div class=\"elementor-widget-wrap elementor-element-populated\">\n\t\t\t\t\t\t<div class=\"elementor-element elementor-element-705c0494 elementor-widget elementor-widget-heading\" data-id=\"705c0494\" data-element_type=\"widget\" data-widget_type=\"heading.default\">\n\t\t\t\t<div class=\"elementor-widget-container\">\n\t\t\t\t\t<p class=\"elementor-heading-title elementor-size-default\">TOUR VIRTUAL \ud83d\udccd <\/p>\t\t\t\t<\/div>\n\t\t\t\t<\/div>\n\t\t\t\t\t<\/div>\n\t\t<\/div>\n\t\t\t\t\t<\/div>\n\t\t<\/section>\n\t\t\t\t<div class=\"elementor-element elementor-element-1f88e02 elementor-widget elementor-widget-heading\" data-id=\"1f88e02\" data-element_type=\"widget\" data-widget_type=\"heading.default\">\n\t\t\t\t<div class=\"elementor-widget-container\">\n\t\t\t\t\t<h1 class=\"elementor-heading-title elementor-size-default\">VISITE VIRTUELLE<\/h1>\t\t\t\t<\/div>\n\t\t\t\t<\/div>\n\t\t\t\t<section class=\"elementor-section elementor-inner-section elementor-element elementor-element-63dd3b3a elementor-section-full_width elementor-section-height-default elementor-section-height-default\" data-id=\"63dd3b3a\" data-element_type=\"section\">\n\t\t\t\t\t\t<div class=\"elementor-container elementor-column-gap-default\">\n\t\t\t\t\t<div class=\"elementor-column elementor-col-100 elementor-inner-column elementor-element elementor-element-109a8330\" data-id=\"109a8330\" data-element_type=\"column\" data-settings=\"{&quot;background_background&quot;:&quot;classic&quot;}\">\n\t\t\t<div class=\"elementor-widget-wrap elementor-element-populated\">\n\t\t\t\t\t\t<div class=\"elementor-element elementor-element-40a2df3 elementor-widget elementor-widget-html\" data-id=\"40a2df3\" data-element_type=\"widget\" data-widget_type=\"html.default\">\n\t\t\t\t<div class=\"elementor-widget-container\">\n\t\t\t\t\t<iframe src=\"https:\/\/www.google.com\/maps\/embed?pb=!4v1717494373730!6m8!1m7!1sCAoSLEFGMVFpcE8zYlZZS3NxNHk1UUdtdkRBLUk5SzRubmlOMDVHbEl5d1RJUWJh!2m2!1d41.74925178!2d2.64642533!3f156.93440480877345!4f-2.8684207114350784!5f1.138166935796635\" width=\"600\" height=\"600\" style=\"border:0;border-radius:16px;\" allowfullscreen=\"\" loading=\"lazy\" referrerpolicy=\"no-referrer-when-downgrade\"><\/iframe>\t\t\t\t<\/div>\n\t\t\t\t<\/div>\n\t\t\t\t\t<\/div>\n\t\t<\/div>\n\t\t\t\t\t<\/div>\n\t\t<\/section>\n\t\t\t\t\t<\/div>\n\t\t<\/div>\n\t\t\t\t\t<\/div>\n\t\t<\/section>\n\t\t\t\t<\/div>\n\t\t","protected":false},"excerpt":{"rendered":"<p>TOUR VIRTUAL \ud83d\udccd VISITE VIRTUELLE<\/p>\n","protected":false},"author":1,"featured_media":0,"parent":0,"menu_order":0,"comment_status":"closed","ping_status":"closed","template":"","meta":{"site-sidebar-layout":"no-sidebar","site-content-layout":"page-builder","ast-main-header-display":"","ast-hfb-above-header-display":"","ast-hfb-below-header-display":"","ast-hfb-mobile-header-display":"","site-post-title":"disabled","ast-breadcrumbs-content":"","ast-featured-img":"disabled","footer-sml-layout":"","theme-transparent-header-meta":"","adv-header-id-meta":"","stick-header-meta":"","header-above-stick-meta":"","header-main-stick-meta":"","header-below-stick-meta":"","footnotes":""},"yoast_head":"<!-- This site is optimized with the Yoast SEO plugin v22.5 - https:\/\/yoast.com\/wordpress\/plugins\/seo\/ -->\n<title>visite virtuelle<\/title>\n<meta name=\"description\" content=\"Faites une visite virtuelle de nos installations et d\u00e9couvrez ce que nous vous r\u00e9servons, \u00e0 vous et \u00e0 vos compagnons d\u2019aventure.\" \/>\n<meta name=\"robots\" content=\"index, follow, max-snippet:-1, max-image-preview:large, max-video-preview:-1\" \/>\n<link rel=\"canonical\" href=\"https:\/\/aventuring.com\/fr\/tour-virtual\/\" \/>\n<meta property=\"og:locale\" content=\"fr_FR\" \/>\n<meta property=\"og:type\" content=\"article\" \/>\n<meta property=\"og:title\" content=\"visite virtuelle\" \/>\n<meta property=\"og:description\" content=\"Faites une visite virtuelle de nos installations et d\u00e9couvrez ce que nous vous r\u00e9servons, \u00e0 vous et \u00e0 vos compagnons d\u2019aventure.\" \/>\n<meta property=\"og:url\" content=\"https:\/\/aventuring.com\/fr\/tour-virtual\/\" \/>\n<meta property=\"og:site_name\" content=\"Aventuring\" \/>\n<meta property=\"article:publisher\" content=\"https:\/\/www.facebook.com\/aventuring\" \/>\n<meta property=\"article:modified_time\" content=\"2025-05-02T10:14:04+00:00\" \/>\n<meta name=\"twitter:card\" content=\"summary_large_image\" \/>\n<meta name=\"twitter:site\" content=\"@Aventuring\" \/>\n<meta name=\"twitter:label1\" content=\"Dur\u00e9e de lecture estim\u00e9e\" \/>\n\t<meta name=\"twitter:data1\" content=\"2 minutes\" \/>\n<script type=\"application\/ld+json\" class=\"yoast-schema-graph\">{\"@context\":\"https:\/\/schema.org\",\"@graph\":[{\"@type\":\"WebPage\",\"@id\":\"https:\/\/aventuring.com\/fr\/tour-virtual\/\",\"url\":\"https:\/\/aventuring.com\/fr\/tour-virtual\/\",\"name\":\"visite virtuelle\",\"isPartOf\":{\"@id\":\"https:\/\/aventuring.com\/fr\/#website\"},\"datePublished\":\"2024-06-05T11:24:49+00:00\",\"dateModified\":\"2025-05-02T10:14:04+00:00\",\"description\":\"Faites une visite virtuelle de nos installations et d\u00e9couvrez ce que nous vous r\u00e9servons, \u00e0 vous et \u00e0 vos compagnons d\u2019aventure.\",\"breadcrumb\":{\"@id\":\"https:\/\/aventuring.com\/fr\/tour-virtual\/#breadcrumb\"},\"inLanguage\":\"fr-FR\",\"potentialAction\":[{\"@type\":\"ReadAction\",\"target\":[\"https:\/\/aventuring.com\/fr\/tour-virtual\/\"]}]},{\"@type\":\"BreadcrumbList\",\"@id\":\"https:\/\/aventuring.com\/fr\/tour-virtual\/#breadcrumb\",\"itemListElement\":[{\"@type\":\"ListItem\",\"position\":1,\"name\":\"Portada\",\"item\":\"https:\/\/aventuring.com\/fr\/\"},{\"@type\":\"ListItem\",\"position\":2,\"name\":\"Tour Virtual Aventuring\"}]},{\"@type\":\"WebSite\",\"@id\":\"https:\/\/aventuring.com\/fr\/#website\",\"url\":\"https:\/\/aventuring.com\/fr\/\",\"name\":\"Aventuring\",\"description\":\"\",\"publisher\":{\"@id\":\"https:\/\/aventuring.com\/fr\/#organization\"},\"potentialAction\":[{\"@type\":\"SearchAction\",\"target\":{\"@type\":\"EntryPoint\",\"urlTemplate\":\"https:\/\/aventuring.com\/fr\/?s={search_term_string}\"},\"query-input\":\"required name=search_term_string\"}],\"inLanguage\":\"fr-FR\"},{\"@type\":\"Organization\",\"@id\":\"https:\/\/aventuring.com\/fr\/#organization\",\"name\":\"AVENTURING TURISMO ACTIVO S.L.\",\"url\":\"https:\/\/aventuring.com\/fr\/\",\"logo\":{\"@type\":\"ImageObject\",\"inLanguage\":\"fr-FR\",\"@id\":\"https:\/\/aventuring.com\/fr\/#\/schema\/logo\/image\/\",\"url\":\"https:\/\/aventuring.com\/wp-content\/uploads\/2017\/02\/logo_aventuring_verde.png\",\"contentUrl\":\"https:\/\/aventuring.com\/wp-content\/uploads\/2017\/02\/logo_aventuring_verde.png\",\"width\":248,\"height\":75,\"caption\":\"AVENTURING TURISMO ACTIVO S.L.\"},\"image\":{\"@id\":\"https:\/\/aventuring.com\/fr\/#\/schema\/logo\/image\/\"},\"sameAs\":[\"https:\/\/www.facebook.com\/aventuring\",\"https:\/\/x.com\/Aventuring\",\"https:\/\/www.instagram.com\/Aventuring_\/\"]}]}<\/script>\n<!-- \/ Yoast SEO plugin. -->","yoast_head_json":{"title":"visite virtuelle","description":"Faites une visite virtuelle de nos installations et d\u00e9couvrez ce que nous vous r\u00e9servons, \u00e0 vous et \u00e0 vos compagnons d\u2019aventure.","robots":{"index":"index","follow":"follow","max-snippet":"max-snippet:-1","max-image-preview":"max-image-preview:large","max-video-preview":"max-video-preview:-1"},"canonical":"https:\/\/aventuring.com\/fr\/tour-virtual\/","og_locale":"fr_FR","og_type":"article","og_title":"visite virtuelle","og_description":"Faites une visite virtuelle de nos installations et d\u00e9couvrez ce que nous vous r\u00e9servons, \u00e0 vous et \u00e0 vos compagnons d\u2019aventure.","og_url":"https:\/\/aventuring.com\/fr\/tour-virtual\/","og_site_name":"Aventuring","article_publisher":"https:\/\/www.facebook.com\/aventuring","article_modified_time":"2025-05-02T10:14:04+00:00","twitter_card":"summary_large_image","twitter_site":"@Aventuring","twitter_misc":{"Dur\u00e9e de lecture estim\u00e9e":"2 minutes"},"schema":{"@context":"https:\/\/schema.org","@graph":[{"@type":"WebPage","@id":"https:\/\/aventuring.com\/fr\/tour-virtual\/","url":"https:\/\/aventuring.com\/fr\/tour-virtual\/","name":"visite virtuelle","isPartOf":{"@id":"https:\/\/aventuring.com\/fr\/#website"},"datePublished":"2024-06-05T11:24:49+00:00","dateModified":"2025-05-02T10:14:04+00:00","description":"Faites une visite virtuelle de nos installations et d\u00e9couvrez ce que nous vous r\u00e9servons, \u00e0 vous et \u00e0 vos compagnons d\u2019aventure.","breadcrumb":{"@id":"https:\/\/aventuring.com\/fr\/tour-virtual\/#breadcrumb"},"inLanguage":"fr-FR","potentialAction":[{"@type":"ReadAction","target":["https:\/\/aventuring.com\/fr\/tour-virtual\/"]}]},{"@type":"BreadcrumbList","@id":"https:\/\/aventuring.com\/fr\/tour-virtual\/#breadcrumb","itemListElement":[{"@type":"ListItem","position":1,"name":"Portada","item":"https:\/\/aventuring.com\/fr\/"},{"@type":"ListItem","position":2,"name":"Tour Virtual Aventuring"}]},{"@type":"WebSite","@id":"https:\/\/aventuring.com\/fr\/#website","url":"https:\/\/aventuring.com\/fr\/","name":"Aventuring","description":"","publisher":{"@id":"https:\/\/aventuring.com\/fr\/#organization"},"potentialAction":[{"@type":"SearchAction","target":{"@type":"EntryPoint","urlTemplate":"https:\/\/aventuring.com\/fr\/?s={search_term_string}"},"query-input":"required name=search_term_string"}],"inLanguage":"fr-FR"},{"@type":"Organization","@id":"https:\/\/aventuring.com\/fr\/#organization","name":"AVENTURING TURISMO ACTIVO S.L.","url":"https:\/\/aventuring.com\/fr\/","logo":{"@type":"ImageObject","inLanguage":"fr-FR","@id":"https:\/\/aventuring.com\/fr\/#\/schema\/logo\/image\/","url":"https:\/\/aventuring.com\/wp-content\/uploads\/2017\/02\/logo_aventuring_verde.png","contentUrl":"https:\/\/aventuring.com\/wp-content\/uploads\/2017\/02\/logo_aventuring_verde.png","width":248,"height":75,"caption":"AVENTURING TURISMO ACTIVO S.L."},"image":{"@id":"https:\/\/aventuring.com\/fr\/#\/schema\/logo\/image\/"},"sameAs":["https:\/\/www.facebook.com\/aventuring","https:\/\/x.com\/Aventuring","https:\/\/www.instagram.com\/Aventuring_\/"]}]}},"_links":{"self":[{"href":"https:\/\/aventuring.com\/fr\/wp-json\/wp\/v2\/pages\/5993"}],"collection":[{"href":"https:\/\/aventuring.com\/fr\/wp-json\/wp\/v2\/pages"}],"about":[{"href":"https:\/\/aventuring.com\/fr\/wp-json\/wp\/v2\/types\/page"}],"author":[{"embeddable":true,"href":"https:\/\/aventuring.com\/fr\/wp-json\/wp\/v2\/users\/1"}],"replies":[{"embeddable":true,"href":"https:\/\/aventuring.com\/fr\/wp-json\/wp\/v2\/comments?post=5993"}],"version-history":[{"count":21,"href":"https:\/\/aventuring.com\/fr\/wp-json\/wp\/v2\/pages\/5993\/revisions"}],"predecessor-version":[{"id":7445,"href":"https:\/\/aventuring.com\/fr\/wp-json\/wp\/v2\/pages\/5993\/revisions\/7445"}],"wp:attachment":[{"href":"https:\/\/aventuring.com\/fr\/wp-json\/wp\/v2\/media?parent=5993"}],"curies":[{"name":"wp","href":"https:\/\/api.w.org\/{rel}","templated":true}]}}