{"id":5100,"date":"2022-02-01T09:27:37","date_gmt":"2022-02-01T09:27:37","guid":{"rendered":"https:\/\/aventuring.com\/?page_id=5100"},"modified":"2025-04-24T08:26:35","modified_gmt":"2025-04-24T08:26:35","slug":"travaillez-avec-nous","status":"publish","type":"page","link":"https:\/\/aventuring.com\/fr\/travaillez-avec-nous\/","title":{"rendered":"Trabaja con nosotros"},"content":{"rendered":"\t\t<div data-elementor-type=\"wp-page\" data-elementor-id=\"5100\" class=\"elementor elementor-5100\" data-elementor-post-type=\"page\">\n\t\t\t\t\t\t<section class=\"elementor-section elementor-top-section elementor-element elementor-element-5695bc51 elementor-section-full_width elementor-section-height-default elementor-section-height-default\" data-id=\"5695bc51\" data-element_type=\"section\" data-settings=\"{&quot;background_background&quot;:&quot;gradient&quot;}\">\n\t\t\t\t\t\t<div class=\"elementor-container elementor-column-gap-default\">\n\t\t\t\t\t<div class=\"elementor-column elementor-col-100 elementor-top-column elementor-element elementor-element-59cb52ea\" data-id=\"59cb52ea\" data-element_type=\"column\">\n\t\t\t<div class=\"elementor-widget-wrap elementor-element-populated\">\n\t\t\t\t\t\t<div class=\"elementor-element elementor-element-5c9ee366 elementor-widget elementor-widget-html\" data-id=\"5c9ee366\" data-element_type=\"widget\" data-widget_type=\"html.default\">\n\t\t\t\t<div class=\"elementor-widget-container\">\n\t\t\t\t\t<style>\r\nbody{\r\n    --speed: 10s;\r\n}\r\n.sliding-text .elementor-widget-wrap{\r\n    display: block !important;\r\n}\r\n.sliding-text .elementor-widget{\r\n    overflow: hidden;\r\n    width: 10000vw !important;\r\n    max-width: 10000vw !important;\r\n}\r\n.sliding-text .sliding .elementor-widget-container{\r\n    -webkit-animation: sliding var(--speed) linear infinite;\r\n    -moz-animation: sliding var(--speed) linear infinite;\r\n    -o-animation: sliding var(--speed) linear infinite;\r\n    animation: sliding var(--speed) linear infinite;\r\n}\r\n.sliding-text .elementor-widget-container{\r\n    float: left;\r\n}\r\n.sliding-text.reverse{\r\n    transform: rotate(180deg);\r\n}\r\n.sliding-text.reverse .sliding .elementor-heading-title{\r\n    transform: scale(-1, -1);\r\n}\r\n@keyframe sliding{\r\n0%{ transform: translateX(0); }\r\n100%{ transform: translateX(-100%); }\r\n}\r\n@-webkit-keyframes sliding {\r\n0%{ transform: translateX(0); }\r\n100%{ transform: translateX(-100%); }\r\n}\r\n@-moz-keyframes sliding {\r\n0%{ transform: translateX(0); }\r\n100%{ transform: translateX(-100%); }\r\n}\r\n@-o-keyframes sliding {\r\n0%{ transform: translateX(0); }\r\n100%{ transform: translateX(-100%); }\r\n}\r\n@keyframes sliding {\r\n0%{ transform: translateX(0); }\r\n100%{ transform: translateX(-100%); }\r\n}\r\n<\/style><script src=\"https:\/\/code.jquery.com\/jquery-3.6.0.min.js\"><\/script><script>\r\nvar $ = jQuery\r\n\r\n$(document).ready(function(){\r\n\r\n    var h = []\r\n\r\n    $('.sliding-text').each(function(){\r\n        h.push($(this).find('.elementor-widget').clone().html())\r\n    })\r\n\r\n    function init(){\r\n        $('.sliding-text').each(function(i){\r\n\r\n            var $this = $(this)\r\n\r\n            $this.find('.elementor-widget').removeClass('sliding')\r\n\r\n            var amount = Math.ceil($(window).width()\/$(this).find('.elementor-widget-container').outerWidth(true)) + 1\r\n\r\n            $this.find('.elementor-widget').empty().addClass('sliding')\r\n            $this.find('.elementor-widget').html(h[i].repeat(amount))\r\n        })\r\n    }\r\n\r\n    init()\r\n    $(window).on('load resize', init)\r\n})\r\n<\/script>\t\t\t\t<\/div>\n\t\t\t\t<\/div>\n\t\t\t\t<section class=\"elementor-section elementor-inner-section elementor-element elementor-element-1b94ab5d elementor-section-full_width elementor-section-height-default elementor-section-height-default\" data-id=\"1b94ab5d\" data-element_type=\"section\">\n\t\t\t\t\t\t<div class=\"elementor-container elementor-column-gap-default\">\n\t\t\t\t\t<div class=\"elementor-column elementor-col-100 elementor-inner-column elementor-element elementor-element-31b27c23 sliding-text\" data-id=\"31b27c23\" data-element_type=\"column\">\n\t\t\t<div class=\"elementor-widget-wrap elementor-element-populated\">\n\t\t\t\t\t\t<div class=\"elementor-element elementor-element-1a775e60 elementor-widget elementor-widget-heading\" data-id=\"1a775e60\" data-element_type=\"widget\" data-widget_type=\"heading.default\">\n\t\t\t\t<div class=\"elementor-widget-container\">\n\t\t\t\t\t<p class=\"elementor-heading-title elementor-size-default\">TRAVAILLEZ AVEC NOUS \ud83d\uddc3\ufe0f<\/p>\t\t\t\t<\/div>\n\t\t\t\t<\/div>\n\t\t\t\t\t<\/div>\n\t\t<\/div>\n\t\t\t\t\t<\/div>\n\t\t<\/section>\n\t\t\t\t<section class=\"elementor-section elementor-inner-section elementor-element elementor-element-527e5e21 elementor-section-full_width elementor-section-height-default elementor-section-height-default\" data-id=\"527e5e21\" data-element_type=\"section\">\n\t\t\t\t\t\t<div class=\"elementor-container elementor-column-gap-default\">\n\t\t\t\t\t<div class=\"elementor-column elementor-col-50 elementor-inner-column elementor-element elementor-element-357f7e02 card-box\" data-id=\"357f7e02\" data-element_type=\"column\" data-settings=\"{&quot;background_background&quot;:&quot;classic&quot;}\">\n\t\t\t<div class=\"elementor-widget-wrap elementor-element-populated\">\n\t\t\t\t\t\t<div class=\"elementor-element elementor-element-2cfbb50d elementor-widget elementor-widget-heading\" data-id=\"2cfbb50d\" data-element_type=\"widget\" data-widget_type=\"heading.default\">\n\t\t\t\t<div class=\"elementor-widget-container\">\n\t\t\t\t\t<h1 class=\"elementor-heading-title elementor-size-default\">TRAVAILLEZ AVEC NOUS <\/h1>\t\t\t\t<\/div>\n\t\t\t\t<\/div>\n\t\t\t\t<div class=\"elementor-element elementor-element-0fddea6 elementor-widget elementor-widget-heading\" data-id=\"0fddea6\" data-element_type=\"widget\" data-widget_type=\"heading.default\">\n\t\t\t\t<div class=\"elementor-widget-container\">\n\t\t\t\t\t<h2 class=\"elementor-heading-title elementor-size-default\">Voulez-vous travailler avec nous?<\/h2>\t\t\t\t<\/div>\n\t\t\t\t<\/div>\n\t\t\t\t<div class=\"elementor-element elementor-element-aa211f0 elementor-widget elementor-widget-text-editor\" data-id=\"aa211f0\" data-element_type=\"widget\" data-widget_type=\"text-editor.default\">\n\t\t\t\t<div class=\"elementor-widget-container\">\n\t\t\t\t\t\t\t\t\t<p>N&rsquo;h\u00e9sitez pas \u00e0 nous envoyer votre CV si vous \u00eates int\u00e9ress\u00e9 \u00e0 travailler avec nous chez Aventuring !<\/p>\t\t\t\t\t\t\t\t<\/div>\n\t\t\t\t<\/div>\n\t\t\t\t<div class=\"elementor-element elementor-element-c71efa5 elementor-widget elementor-widget-image\" data-id=\"c71efa5\" data-element_type=\"widget\" data-widget_type=\"image.default\">\n\t\t\t\t<div class=\"elementor-widget-container\">\n\t\t\t\t\t\t\t\t\t\t\t\t\t\t\t<img fetchpriority=\"high\" decoding=\"async\" width=\"945\" height=\"618\" src=\"https:\/\/aventuring.com\/fr\/wp-content\/uploads\/2017\/03\/av-15-de-35.jpg\" class=\"attachment-full size-full wp-image-1480\" alt=\"trabaja con nosotros\" srcset=\"https:\/\/aventuring.com\/fr\/wp-content\/uploads\/2017\/03\/av-15-de-35.jpg 945w, https:\/\/aventuring.com\/fr\/wp-content\/uploads\/2017\/03\/av-15-de-35-300x196.jpg 300w, https:\/\/aventuring.com\/fr\/wp-content\/uploads\/2017\/03\/av-15-de-35-768x502.jpg 768w\" sizes=\"(max-width: 945px) 100vw, 945px\" \/>\t\t\t\t\t\t\t\t\t\t\t\t\t\t\t<\/div>\n\t\t\t\t<\/div>\n\t\t\t\t\t<\/div>\n\t\t<\/div>\n\t\t\t\t<div class=\"elementor-column elementor-col-50 elementor-inner-column elementor-element elementor-element-4567436a card-box\" data-id=\"4567436a\" data-element_type=\"column\" data-settings=\"{&quot;background_background&quot;:&quot;classic&quot;}\">\n\t\t\t<div class=\"elementor-widget-wrap elementor-element-populated\">\n\t\t\t\t\t\t<div class=\"elementor-element elementor-element-5c0fb196 elementor-widget elementor-widget-heading\" data-id=\"5c0fb196\" data-element_type=\"widget\" data-widget_type=\"heading.default\">\n\t\t\t\t<div class=\"elementor-widget-container\">\n\t\t\t\t\t<h3 class=\"elementor-heading-title elementor-size-default\">Remplissez le formulaire<\/h3>\t\t\t\t<\/div>\n\t\t\t\t<\/div>\n\t\t\t\t<div class=\"elementor-element elementor-element-0a351f2 elementor-button-align-stretch elementor-widget elementor-widget-form\" data-id=\"0a351f2\" data-element_type=\"widget\" data-settings=\"{&quot;step_next_label&quot;:&quot;Next&quot;,&quot;step_previous_label&quot;:&quot;Previous&quot;,&quot;button_width&quot;:&quot;100&quot;,&quot;step_type&quot;:&quot;number_text&quot;,&quot;step_icon_shape&quot;:&quot;circle&quot;}\" data-widget_type=\"form.default\">\n\t\t\t\t<div class=\"elementor-widget-container\">\n\t\t\t\t\t\t\t<form class=\"elementor-form\" method=\"post\" name=\"Formulario trabajo con nosotros Frances\">\n\t\t\t<input type=\"hidden\" name=\"post_id\" value=\"5100\"\/>\n\t\t\t<input type=\"hidden\" name=\"form_id\" value=\"0a351f2\"\/>\n\t\t\t<input type=\"hidden\" name=\"referer_title\" value=\"Aventuring\" \/>\n\n\t\t\t\n\t\t\t<div class=\"elementor-form-fields-wrapper elementor-labels-\">\n\t\t\t\t\t\t\t\t<div class=\"elementor-field-type-text elementor-field-group elementor-column elementor-field-group-name elementor-col-100 elementor-field-required\">\n\t\t\t\t\t\t\t\t\t\t\t\t<label for=\"form-field-name\" class=\"elementor-field-label elementor-screen-only\">\n\t\t\t\t\t\t\t\tNombre\t\t\t\t\t\t\t<\/label>\n\t\t\t\t\t\t\t\t\t\t\t\t\t\t<input size=\"1\" type=\"text\" name=\"form_fields[name]\" id=\"form-field-name\" class=\"elementor-field elementor-size-sm  elementor-field-textual\" placeholder=\"Nom et pr\u00e9nom*\" required=\"required\">\n\t\t\t\t\t\t\t\t\t\t\t<\/div>\n\t\t\t\t\t\t\t\t<div class=\"elementor-field-type-email elementor-field-group elementor-column elementor-field-group-email elementor-col-100 elementor-field-required\">\n\t\t\t\t\t\t\t\t\t\t\t\t<label for=\"form-field-email\" class=\"elementor-field-label elementor-screen-only\">\n\t\t\t\t\t\t\t\tEmail\t\t\t\t\t\t\t<\/label>\n\t\t\t\t\t\t\t\t\t\t\t\t\t\t<input size=\"1\" type=\"email\" name=\"form_fields[email]\" id=\"form-field-email\" class=\"elementor-field elementor-size-sm  elementor-field-textual\" placeholder=\"Email*\" required=\"required\">\n\t\t\t\t\t\t\t\t\t\t\t<\/div>\n\t\t\t\t\t\t\t\t<div class=\"elementor-field-type-tel elementor-field-group elementor-column elementor-field-group-field_25cdf28 elementor-col-100\">\n\t\t\t\t\t\t\t\t\t\t\t\t<label for=\"form-field-field_25cdf28\" class=\"elementor-field-label elementor-screen-only\">\n\t\t\t\t\t\t\t\tTelefono\t\t\t\t\t\t\t<\/label>\n\t\t\t\t\t\t\t\t<input size=\"1\" type=\"tel\" name=\"form_fields[field_25cdf28]\" id=\"form-field-field_25cdf28\" class=\"elementor-field elementor-size-sm  elementor-field-textual\" placeholder=\"T\u00e9l\u00e9phone*\" pattern=\"[0-9()#&amp;+*-=.]+\" title=\"Only numbers and phone characters (#, -, *, etc) are accepted.\">\n\n\t\t\t\t\t\t<\/div>\n\t\t\t\t\t\t\t\t<div class=\"elementor-field-type-upload elementor-field-group elementor-column elementor-field-group-field_84186e8 elementor-col-100\">\n\t\t\t\t\t\t\t\t\t\t\t\t<label for=\"form-field-field_84186e8\" class=\"elementor-field-label elementor-screen-only\">\n\t\t\t\t\t\t\t\tJoindre votre CV :\t\t\t\t\t\t\t<\/label>\n\t\t\t\t\t\t\t\t<input type=\"file\" name=\"form_fields[field_84186e8]\" id=\"form-field-field_84186e8\" class=\"elementor-field elementor-size-sm  elementor-upload-field\" data-maxsize=\"15\" data-maxsize-message=\"This file exceeds the maximum allowed size.\">\n\n\t\t\t\t\t\t<\/div>\n\t\t\t\t\t\t\t\t<div class=\"elementor-field-type-textarea elementor-field-group elementor-column elementor-field-group-message elementor-col-100\">\n\t\t\t\t\t\t\t\t\t\t\t\t<label for=\"form-field-message\" class=\"elementor-field-label elementor-screen-only\">\n\t\t\t\t\t\t\t\tMensaje\t\t\t\t\t\t\t<\/label>\n\t\t\t\t\t\t<textarea class=\"elementor-field-textual elementor-field  elementor-size-sm\" name=\"form_fields[message]\" id=\"form-field-message\" rows=\"4\" placeholder=\"Message\"><\/textarea>\t\t\t\t<\/div>\n\t\t\t\t\t\t\t\t<div class=\"elementor-field-group elementor-column elementor-field-type-submit elementor-col-100 e-form__buttons\">\n\t\t\t\t\t<button class=\"elementor-button elementor-size-sm\" type=\"submit\">\n\t\t\t\t\t\t<span class=\"elementor-button-content-wrapper\">\n\t\t\t\t\t\t\t\t\t\t\t\t\t\t\t\t\t\t\t\t\t\t<span class=\"elementor-button-text\">Envoyer<\/span>\n\t\t\t\t\t\t\t\t\t\t\t\t\t<\/span>\n\t\t\t\t\t<\/button>\n\t\t\t\t<\/div>\n\t\t\t<\/div>\n\t\t<\/form>\n\t\t\t\t\t\t<\/div>\n\t\t\t\t<\/div>\n\t\t\t\t\t<\/div>\n\t\t<\/div>\n\t\t\t\t\t<\/div>\n\t\t<\/section>\n\t\t\t\t\t<\/div>\n\t\t<\/div>\n\t\t\t\t\t<\/div>\n\t\t<\/section>\n\t\t\t\t<\/div>\n\t\t","protected":false},"excerpt":{"rendered":"<p>TRAVAILLEZ AVEC NOUS \ud83d\uddc3\ufe0f TRAVAILLEZ AVEC NOUS Voulez-vous travailler avec nous? N&rsquo;h\u00e9sitez pas \u00e0 nous envoyer votre CV si vous \u00eates int\u00e9ress\u00e9 \u00e0 travailler avec nous chez Aventuring ! Remplissez le formulaire<\/p>\n","protected":false},"author":1,"featured_media":0,"parent":0,"menu_order":0,"comment_status":"closed","ping_status":"closed","template":"","meta":{"site-sidebar-layout":"no-sidebar","site-content-layout":"page-builder","ast-main-header-display":"","ast-hfb-above-header-display":"","ast-hfb-below-header-display":"","ast-hfb-mobile-header-display":"","site-post-title":"disabled","ast-breadcrumbs-content":"","ast-featured-img":"disabled","footer-sml-layout":"","theme-transparent-header-meta":"","adv-header-id-meta":"","stick-header-meta":"","header-above-stick-meta":"","header-main-stick-meta":"","header-below-stick-meta":"","footnotes":""},"yoast_head":"<!-- This site is optimized with the Yoast SEO plugin v22.5 - https:\/\/yoast.com\/wordpress\/plugins\/seo\/ -->\n<title>Travaillez avec nous<\/title>\n<meta name=\"description\" content=\"AVENTURING. N&#039;h\u00e9sitez pas \u00e0 nous envoyer votre CV si vous \u00eates int\u00e9ress\u00e9 \u00e0 travailler avec nous chez Aventuring. Faites partie de notre famille\" \/>\n<meta name=\"robots\" content=\"index, follow, max-snippet:-1, max-image-preview:large, max-video-preview:-1\" \/>\n<link rel=\"canonical\" href=\"https:\/\/aventuring.com\/fr\/travaillez-avec-nous\/\" \/>\n<meta property=\"og:locale\" content=\"fr_FR\" \/>\n<meta property=\"og:type\" content=\"article\" \/>\n<meta property=\"og:title\" content=\"Travaillez avec nous\" \/>\n<meta property=\"og:description\" content=\"AVENTURING. N&#039;h\u00e9sitez pas \u00e0 nous envoyer votre CV si vous \u00eates int\u00e9ress\u00e9 \u00e0 travailler avec nous chez Aventuring. Faites partie de notre famille\" \/>\n<meta property=\"og:url\" content=\"https:\/\/aventuring.com\/fr\/travaillez-avec-nous\/\" \/>\n<meta property=\"og:site_name\" content=\"Aventuring\" \/>\n<meta property=\"article:publisher\" content=\"https:\/\/www.facebook.com\/aventuring\" \/>\n<meta property=\"article:modified_time\" content=\"2025-04-24T08:26:35+00:00\" \/>\n<meta property=\"og:image\" content=\"https:\/\/aventuring.com\/fr\/wp-content\/uploads\/2017\/03\/av-15-de-35.jpg\" \/>\n<meta name=\"twitter:card\" content=\"summary_large_image\" \/>\n<meta name=\"twitter:site\" content=\"@Aventuring\" \/>\n<meta name=\"twitter:label1\" content=\"Dur\u00e9e de lecture estim\u00e9e\" \/>\n\t<meta name=\"twitter:data1\" content=\"1 minute\" \/>\n<script type=\"application\/ld+json\" class=\"yoast-schema-graph\">{\"@context\":\"https:\/\/schema.org\",\"@graph\":[{\"@type\":\"WebPage\",\"@id\":\"https:\/\/aventuring.com\/fr\/travaillez-avec-nous\/\",\"url\":\"https:\/\/aventuring.com\/fr\/travaillez-avec-nous\/\",\"name\":\"Travaillez avec nous\",\"isPartOf\":{\"@id\":\"https:\/\/aventuring.com\/fr\/#website\"},\"primaryImageOfPage\":{\"@id\":\"https:\/\/aventuring.com\/fr\/travaillez-avec-nous\/#primaryimage\"},\"image\":{\"@id\":\"https:\/\/aventuring.com\/fr\/travaillez-avec-nous\/#primaryimage\"},\"thumbnailUrl\":\"https:\/\/aventuring.com\/fr\/wp-content\/uploads\/2017\/03\/av-15-de-35.jpg\",\"datePublished\":\"2022-02-01T09:27:37+00:00\",\"dateModified\":\"2025-04-24T08:26:35+00:00\",\"description\":\"AVENTURING. N'h\u00e9sitez pas \u00e0 nous envoyer votre CV si vous \u00eates int\u00e9ress\u00e9 \u00e0 travailler avec nous chez Aventuring. Faites partie de notre famille\",\"breadcrumb\":{\"@id\":\"https:\/\/aventuring.com\/fr\/travaillez-avec-nous\/#breadcrumb\"},\"inLanguage\":\"fr-FR\",\"potentialAction\":[{\"@type\":\"ReadAction\",\"target\":[\"https:\/\/aventuring.com\/fr\/travaillez-avec-nous\/\"]}]},{\"@type\":\"ImageObject\",\"inLanguage\":\"fr-FR\",\"@id\":\"https:\/\/aventuring.com\/fr\/travaillez-avec-nous\/#primaryimage\",\"url\":\"https:\/\/aventuring.com\/fr\/wp-content\/uploads\/2017\/03\/av-15-de-35.jpg\",\"contentUrl\":\"https:\/\/aventuring.com\/fr\/wp-content\/uploads\/2017\/03\/av-15-de-35.jpg\",\"width\":945,\"height\":618,\"caption\":\"trabaja con nosotros\"},{\"@type\":\"BreadcrumbList\",\"@id\":\"https:\/\/aventuring.com\/fr\/travaillez-avec-nous\/#breadcrumb\",\"itemListElement\":[{\"@type\":\"ListItem\",\"position\":1,\"name\":\"Portada\",\"item\":\"https:\/\/aventuring.com\/fr\/\"},{\"@type\":\"ListItem\",\"position\":2,\"name\":\"Trabaja con nosotros\"}]},{\"@type\":\"WebSite\",\"@id\":\"https:\/\/aventuring.com\/fr\/#website\",\"url\":\"https:\/\/aventuring.com\/fr\/\",\"name\":\"Aventuring\",\"description\":\"\",\"publisher\":{\"@id\":\"https:\/\/aventuring.com\/fr\/#organization\"},\"potentialAction\":[{\"@type\":\"SearchAction\",\"target\":{\"@type\":\"EntryPoint\",\"urlTemplate\":\"https:\/\/aventuring.com\/fr\/?s={search_term_string}\"},\"query-input\":\"required name=search_term_string\"}],\"inLanguage\":\"fr-FR\"},{\"@type\":\"Organization\",\"@id\":\"https:\/\/aventuring.com\/fr\/#organization\",\"name\":\"AVENTURING TURISMO ACTIVO S.L.\",\"url\":\"https:\/\/aventuring.com\/fr\/\",\"logo\":{\"@type\":\"ImageObject\",\"inLanguage\":\"fr-FR\",\"@id\":\"https:\/\/aventuring.com\/fr\/#\/schema\/logo\/image\/\",\"url\":\"https:\/\/aventuring.com\/wp-content\/uploads\/2017\/02\/logo_aventuring_verde.png\",\"contentUrl\":\"https:\/\/aventuring.com\/wp-content\/uploads\/2017\/02\/logo_aventuring_verde.png\",\"width\":248,\"height\":75,\"caption\":\"AVENTURING TURISMO ACTIVO S.L.\"},\"image\":{\"@id\":\"https:\/\/aventuring.com\/fr\/#\/schema\/logo\/image\/\"},\"sameAs\":[\"https:\/\/www.facebook.com\/aventuring\",\"https:\/\/x.com\/Aventuring\",\"https:\/\/www.instagram.com\/Aventuring_\/\"]}]}<\/script>\n<!-- \/ Yoast SEO plugin. -->","yoast_head_json":{"title":"Travaillez avec nous","description":"AVENTURING. N'h\u00e9sitez pas \u00e0 nous envoyer votre CV si vous \u00eates int\u00e9ress\u00e9 \u00e0 travailler avec nous chez Aventuring. Faites partie de notre famille","robots":{"index":"index","follow":"follow","max-snippet":"max-snippet:-1","max-image-preview":"max-image-preview:large","max-video-preview":"max-video-preview:-1"},"canonical":"https:\/\/aventuring.com\/fr\/travaillez-avec-nous\/","og_locale":"fr_FR","og_type":"article","og_title":"Travaillez avec nous","og_description":"AVENTURING. N'h\u00e9sitez pas \u00e0 nous envoyer votre CV si vous \u00eates int\u00e9ress\u00e9 \u00e0 travailler avec nous chez Aventuring. Faites partie de notre famille","og_url":"https:\/\/aventuring.com\/fr\/travaillez-avec-nous\/","og_site_name":"Aventuring","article_publisher":"https:\/\/www.facebook.com\/aventuring","article_modified_time":"2025-04-24T08:26:35+00:00","og_image":[{"url":"https:\/\/aventuring.com\/fr\/wp-content\/uploads\/2017\/03\/av-15-de-35.jpg"}],"twitter_card":"summary_large_image","twitter_site":"@Aventuring","twitter_misc":{"Dur\u00e9e de lecture estim\u00e9e":"1 minute"},"schema":{"@context":"https:\/\/schema.org","@graph":[{"@type":"WebPage","@id":"https:\/\/aventuring.com\/fr\/travaillez-avec-nous\/","url":"https:\/\/aventuring.com\/fr\/travaillez-avec-nous\/","name":"Travaillez avec nous","isPartOf":{"@id":"https:\/\/aventuring.com\/fr\/#website"},"primaryImageOfPage":{"@id":"https:\/\/aventuring.com\/fr\/travaillez-avec-nous\/#primaryimage"},"image":{"@id":"https:\/\/aventuring.com\/fr\/travaillez-avec-nous\/#primaryimage"},"thumbnailUrl":"https:\/\/aventuring.com\/fr\/wp-content\/uploads\/2017\/03\/av-15-de-35.jpg","datePublished":"2022-02-01T09:27:37+00:00","dateModified":"2025-04-24T08:26:35+00:00","description":"AVENTURING. N'h\u00e9sitez pas \u00e0 nous envoyer votre CV si vous \u00eates int\u00e9ress\u00e9 \u00e0 travailler avec nous chez Aventuring. Faites partie de notre famille","breadcrumb":{"@id":"https:\/\/aventuring.com\/fr\/travaillez-avec-nous\/#breadcrumb"},"inLanguage":"fr-FR","potentialAction":[{"@type":"ReadAction","target":["https:\/\/aventuring.com\/fr\/travaillez-avec-nous\/"]}]},{"@type":"ImageObject","inLanguage":"fr-FR","@id":"https:\/\/aventuring.com\/fr\/travaillez-avec-nous\/#primaryimage","url":"https:\/\/aventuring.com\/fr\/wp-content\/uploads\/2017\/03\/av-15-de-35.jpg","contentUrl":"https:\/\/aventuring.com\/fr\/wp-content\/uploads\/2017\/03\/av-15-de-35.jpg","width":945,"height":618,"caption":"trabaja con nosotros"},{"@type":"BreadcrumbList","@id":"https:\/\/aventuring.com\/fr\/travaillez-avec-nous\/#breadcrumb","itemListElement":[{"@type":"ListItem","position":1,"name":"Portada","item":"https:\/\/aventuring.com\/fr\/"},{"@type":"ListItem","position":2,"name":"Trabaja con nosotros"}]},{"@type":"WebSite","@id":"https:\/\/aventuring.com\/fr\/#website","url":"https:\/\/aventuring.com\/fr\/","name":"Aventuring","description":"","publisher":{"@id":"https:\/\/aventuring.com\/fr\/#organization"},"potentialAction":[{"@type":"SearchAction","target":{"@type":"EntryPoint","urlTemplate":"https:\/\/aventuring.com\/fr\/?s={search_term_string}"},"query-input":"required name=search_term_string"}],"inLanguage":"fr-FR"},{"@type":"Organization","@id":"https:\/\/aventuring.com\/fr\/#organization","name":"AVENTURING TURISMO ACTIVO S.L.","url":"https:\/\/aventuring.com\/fr\/","logo":{"@type":"ImageObject","inLanguage":"fr-FR","@id":"https:\/\/aventuring.com\/fr\/#\/schema\/logo\/image\/","url":"https:\/\/aventuring.com\/wp-content\/uploads\/2017\/02\/logo_aventuring_verde.png","contentUrl":"https:\/\/aventuring.com\/wp-content\/uploads\/2017\/02\/logo_aventuring_verde.png","width":248,"height":75,"caption":"AVENTURING TURISMO ACTIVO S.L."},"image":{"@id":"https:\/\/aventuring.com\/fr\/#\/schema\/logo\/image\/"},"sameAs":["https:\/\/www.facebook.com\/aventuring","https:\/\/x.com\/Aventuring","https:\/\/www.instagram.com\/Aventuring_\/"]}]}},"_links":{"self":[{"href":"https:\/\/aventuring.com\/fr\/wp-json\/wp\/v2\/pages\/5100"}],"collection":[{"href":"https:\/\/aventuring.com\/fr\/wp-json\/wp\/v2\/pages"}],"about":[{"href":"https:\/\/aventuring.com\/fr\/wp-json\/wp\/v2\/types\/page"}],"author":[{"embeddable":true,"href":"https:\/\/aventuring.com\/fr\/wp-json\/wp\/v2\/users\/1"}],"replies":[{"embeddable":true,"href":"https:\/\/aventuring.com\/fr\/wp-json\/wp\/v2\/comments?post=5100"}],"version-history":[{"count":65,"href":"https:\/\/aventuring.com\/fr\/wp-json\/wp\/v2\/pages\/5100\/revisions"}],"predecessor-version":[{"id":7409,"href":"https:\/\/aventuring.com\/fr\/wp-json\/wp\/v2\/pages\/5100\/revisions\/7409"}],"wp:attachment":[{"href":"https:\/\/aventuring.com\/fr\/wp-json\/wp\/v2\/media?parent=5100"}],"curies":[{"name":"wp","href":"https:\/\/api.w.org\/{rel}","templated":true}]}}