{"id":5680,"date":"2025-02-27T14:42:36","date_gmt":"2025-02-27T14:42:36","guid":{"rendered":"https:\/\/aventuring.com\/ca\/?page_id=5680"},"modified":"2026-01-30T10:56:44","modified_gmt":"2026-01-30T10:56:44","slug":"reserves-online","status":"publish","type":"page","link":"https:\/\/aventuring.com\/ca\/reserves-online\/","title":{"rendered":"Reserves"},"content":{"rendered":"\t\t<div data-elementor-type=\"wp-page\" data-elementor-id=\"5680\" class=\"elementor elementor-5680\" data-elementor-post-type=\"page\">\n\t\t\t\t\t\t<section class=\"elementor-section elementor-top-section elementor-element elementor-element-32e8cf21 elementor-section-full_width elementor-section-height-default elementor-section-height-default\" data-id=\"32e8cf21\" data-element_type=\"section\" data-settings=\"{&quot;background_background&quot;:&quot;gradient&quot;}\">\n\t\t\t\t\t\t<div class=\"elementor-container elementor-column-gap-default\">\n\t\t\t\t\t<div class=\"elementor-column elementor-col-100 elementor-top-column elementor-element elementor-element-5d9d551c\" data-id=\"5d9d551c\" data-element_type=\"column\">\n\t\t\t<div class=\"elementor-widget-wrap elementor-element-populated\">\n\t\t\t\t\t\t<div class=\"elementor-element elementor-element-52972cd3 elementor-widget elementor-widget-html\" data-id=\"52972cd3\" data-element_type=\"widget\" data-widget_type=\"html.default\">\n\t\t\t\t<div class=\"elementor-widget-container\">\n\t\t\t\t\t<style>\r\nbody{\r\n    --speed: 10s;\r\n}\r\n.sliding-text .elementor-widget-wrap{\r\n    display: block !important;\r\n}\r\n.sliding-text .elementor-widget{\r\n    overflow: hidden;\r\n    width: 10000vw !important;\r\n    max-width: 10000vw !important;\r\n}\r\n.sliding-text .sliding .elementor-widget-container{\r\n    -webkit-animation: sliding var(--speed) linear infinite;\r\n    -moz-animation: sliding var(--speed) linear infinite;\r\n    -o-animation: sliding var(--speed) linear infinite;\r\n    animation: sliding var(--speed) linear infinite;\r\n}\r\n.sliding-text .elementor-widget-container{\r\n    float: left;\r\n}\r\n.sliding-text.reverse{\r\n    transform: rotate(180deg);\r\n}\r\n.sliding-text.reverse .sliding .elementor-heading-title{\r\n    transform: scale(-1, -1);\r\n}\r\n@keyframe sliding{\r\n0%{ transform: translateX(0); }\r\n100%{ transform: translateX(-100%); }\r\n}\r\n@-webkit-keyframes sliding {\r\n0%{ transform: translateX(0); }\r\n100%{ transform: translateX(-100%); }\r\n}\r\n@-moz-keyframes sliding {\r\n0%{ transform: translateX(0); }\r\n100%{ transform: translateX(-100%); }\r\n}\r\n@-o-keyframes sliding {\r\n0%{ transform: translateX(0); }\r\n100%{ transform: translateX(-100%); }\r\n}\r\n@keyframes sliding {\r\n0%{ transform: translateX(0); }\r\n100%{ transform: translateX(-100%); }\r\n}\r\n<\/style><script src=\"https:\/\/code.jquery.com\/jquery-3.6.0.min.js\"><\/script><script>\r\nvar $ = jQuery\r\n\r\n$(document).ready(function(){\r\n\r\n    var h = []\r\n\r\n    $('.sliding-text').each(function(){\r\n        h.push($(this).find('.elementor-widget').clone().html())\r\n    })\r\n\r\n    function init(){\r\n        $('.sliding-text').each(function(i){\r\n\r\n            var $this = $(this)\r\n\r\n            $this.find('.elementor-widget').removeClass('sliding')\r\n\r\n            var amount = Math.ceil($(window).width()\/$(this).find('.elementor-widget-container').outerWidth(true)) + 1\r\n\r\n            $this.find('.elementor-widget').empty().addClass('sliding')\r\n            $this.find('.elementor-widget').html(h[i].repeat(amount))\r\n        })\r\n    }\r\n\r\n    init()\r\n    $(window).on('load resize', init)\r\n})\r\n<\/script>\t\t\t\t<\/div>\n\t\t\t\t<\/div>\n\t\t\t\t<section class=\"elementor-section elementor-inner-section elementor-element elementor-element-5514da46 elementor-section-full_width elementor-section-height-default elementor-section-height-default\" data-id=\"5514da46\" data-element_type=\"section\">\n\t\t\t\t\t\t<div class=\"elementor-container elementor-column-gap-default\">\n\t\t\t\t\t<div class=\"elementor-column elementor-col-100 elementor-inner-column elementor-element elementor-element-54cbabc5 sliding-text\" data-id=\"54cbabc5\" data-element_type=\"column\">\n\t\t\t<div class=\"elementor-widget-wrap elementor-element-populated\">\n\t\t\t\t\t\t<div class=\"elementor-element elementor-element-6f555335 elementor-widget elementor-widget-heading\" data-id=\"6f555335\" data-element_type=\"widget\" data-widget_type=\"heading.default\">\n\t\t\t\t<div class=\"elementor-widget-container\">\n\t\t\t\t\t<p class=\"elementor-heading-title elementor-size-default\">RESERVA AMB NOSALTRES \ud83d\udccb <\/p>\t\t\t\t<\/div>\n\t\t\t\t<\/div>\n\t\t\t\t\t<\/div>\n\t\t<\/div>\n\t\t\t\t\t<\/div>\n\t\t<\/section>\n\t\t\t\t<section class=\"elementor-section elementor-inner-section elementor-element elementor-element-33ec2e58 elementor-section-full_width elementor-section-height-default elementor-section-height-default\" data-id=\"33ec2e58\" data-element_type=\"section\">\n\t\t\t\t\t\t<div class=\"elementor-container elementor-column-gap-default\">\n\t\t\t\t\t<div class=\"elementor-column elementor-col-50 elementor-inner-column elementor-element elementor-element-3b7c3815 card-box\" data-id=\"3b7c3815\" data-element_type=\"column\" data-settings=\"{&quot;background_background&quot;:&quot;classic&quot;}\">\n\t\t\t<div class=\"elementor-widget-wrap elementor-element-populated\">\n\t\t\t\t\t\t<div class=\"elementor-element elementor-element-b479b36 elementor-widget elementor-widget-heading\" data-id=\"b479b36\" data-element_type=\"widget\" data-widget_type=\"heading.default\">\n\t\t\t\t<div class=\"elementor-widget-container\">\n\t\t\t\t\t<h2 class=\"elementor-heading-title elementor-size-default\">FORMULARI DE RESERVES<\/h2>\t\t\t\t<\/div>\n\t\t\t\t<\/div>\n\t\t\t\t<div class=\"elementor-element elementor-element-84dc39e elementor-widget elementor-widget-html\" data-id=\"84dc39e\" data-element_type=\"widget\" data-widget_type=\"html.default\">\n\t\t\t\t<div class=\"elementor-widget-container\">\n\t\t\t\t\t<iframe id=\"iframeReservas\" src=\"https:\/\/aventuring.com\/reservas\/ca\" width=\"100%\" height=\"1500\" frameborder=\"0\"><\/iframe>\t\t\t\t<\/div>\n\t\t\t\t<\/div>\n\t\t\t\t\t<\/div>\n\t\t<\/div>\n\t\t\t\t<div class=\"elementor-column elementor-col-50 elementor-inner-column elementor-element elementor-element-4832964c card-box\" data-id=\"4832964c\" data-element_type=\"column\" data-settings=\"{&quot;background_background&quot;:&quot;classic&quot;}\">\n\t\t\t<div class=\"elementor-widget-wrap elementor-element-populated\">\n\t\t\t\t\t\t<div class=\"elementor-element elementor-element-72858c3f elementor-widget elementor-widget-heading\" data-id=\"72858c3f\" data-element_type=\"widget\" data-widget_type=\"heading.default\">\n\t\t\t\t<div class=\"elementor-widget-container\">\n\t\t\t\t\t<h1 class=\"elementor-heading-title elementor-size-default\">RESERVA AMB NOSALTRES<\/h1>\t\t\t\t<\/div>\n\t\t\t\t<\/div>\n\t\t\t\t<div class=\"elementor-element elementor-element-9068d72 elementor-widget elementor-widget-heading\" data-id=\"9068d72\" data-element_type=\"widget\" data-widget_type=\"heading.default\">\n\t\t\t\t<div class=\"elementor-widget-container\">\n\t\t\t\t\t<h2 class=\"elementor-heading-title elementor-size-default\">CONDICIONS DE LA CONTRACTACI\u00d3 D'ACTIVITATS<\/h2>\t\t\t\t<\/div>\n\t\t\t\t<\/div>\n\t\t\t\t<div class=\"elementor-element elementor-element-4afddbe elementor-widget elementor-widget-text-editor\" data-id=\"4afddbe\" data-element_type=\"widget\" data-widget_type=\"text-editor.default\">\n\t\t\t\t<div class=\"elementor-widget-container\">\n\t\t\t\t\t\t\t\t\t<p>Si us plau tingueu en compte les seg\u00fcents observacions:<\/p><p>En cas de necessitar una factura es podr\u00e0 sol\u00b7licitar per correu electr\u00f2nic a\u00a0<a href=\"mailto:info@aventuring.com\">info@aventuring.com<\/a>.<\/p>\t\t\t\t\t\t\t\t<\/div>\n\t\t\t\t<\/div>\n\t\t\t\t<div class=\"elementor-element elementor-element-a746e9e elementor-widget elementor-widget-text-editor\" data-id=\"a746e9e\" data-element_type=\"widget\" data-widget_type=\"text-editor.default\">\n\t\t\t\t<div class=\"elementor-widget-container\">\n\t\t\t\t\t\t\t\t\t<p><strong>Horari d\u2019oficina i informaci\u00f3 telef\u00f2nica: <\/strong><\/p><p><strong>De dilluns a divendres<\/strong> de 11.00h a 14.00h i de 16.00h a 19.00h.<\/p><p><strong>Agost, horari d\u2019informaci\u00f3 telef\u00f2nica: <\/strong>de 8:00h a 15:00h.<\/p><p><strong>Tel\u00e9fon: <a href=\"tel:935944466\">93 594 44 66<\/a><\/strong><\/p>\t\t\t\t\t\t\t\t<\/div>\n\t\t\t\t<\/div>\n\t\t\t\t<div class=\"elementor-element elementor-element-3b9ec163 elementor-widget elementor-widget-text-editor\" data-id=\"3b9ec163\" data-element_type=\"widget\" data-widget_type=\"text-editor.default\">\n\t\t\t\t<div class=\"elementor-widget-container\">\n\t\t\t\t\t\t\t\t\t<h3>Horari d\u2019activitats<\/h3><p>Estiu, d\u2019abril a octubre, horari de mat\u00ed de 10h a 14h, horari de tarda de 16h a 20h.<\/p><p>Hivern, de novembre a mar\u00e7, de 11h a 15h.<\/p><p>El grup m\u00ednim \u00e9s de 8 participants, si el grup fos inferior, sempre es cobrar\u00e0 pel m\u00ednim que \u00e9s de 8 participants.<\/p><h3>Mesures higi\u00e8nic-sanit\u00e0ries<\/h3><p>Mitjons durant la durada de l\u2019esdeveniment.<\/p><p>Cal\u00e7at esportiu tancat.<\/p><h3>Condicions cancel\u00b7laci\u00f3<\/h3><p>14 dies abans de l\u2019esdeveniment, no es tornar\u00e0 l\u2019import de la reserva.<\/p><p>M\u00e9s de 14 dies, es tornar\u00e0 l\u2019import de la reserva descomptant les despeses banc\u00e0ries i gesti\u00f3, 10\u20ac.<\/p><p>Si per causes de for\u00e7a major (pluja, desastres naturals, fen\u00f2mens meteorol\u00f2gics extraordinaris, prohibici\u00f3 per part de les autoritats, etc.) s\u2019abonar\u00e0 el 100 x 100 de la reserva sense despeses.<\/p><p>Nom\u00e9s es cancel\u00b7lar\u00e0 per pluja en el cas d\u2019estar plovent al centre d\u2019activitats ubicat a Massanes-Hostalric, el mateix dia de l\u2019activitat.<\/p><p>L\u2019activitat no es cancel\u00b7la per previsions.<\/p><h3>Modificaci\u00f3 de reserves<\/h3><p>No es podran gestionar baixes, amb m\u00e9s de 7 dies. En cas de baixa no es descomptar\u00e0 la part de la paga i el senyal el dia de l\u2019esdeveniment.<\/p><p>Nom\u00e9s es permetr\u00e0 l\u2019entrada de dos acompanyants per grup, si hi hagu\u00e9s m\u00e9s acompanyants es cobrar\u00e0 5\u20ac per persona per accedir al recinte.<\/p>\t\t\t\t\t\t\t\t<\/div>\n\t\t\t\t<\/div>\n\t\t\t\t\t<\/div>\n\t\t<\/div>\n\t\t\t\t\t<\/div>\n\t\t<\/section>\n\t\t\t\t<div class=\"elementor-element elementor-element-61362453 elementor-widget elementor-widget-text-editor\" data-id=\"61362453\" data-element_type=\"widget\" data-widget_type=\"text-editor.default\">\n\t\t\t\t<div class=\"elementor-widget-container\">\n\t\t\t\t\t\t\t\t\t<section data-id=\"baf4e0d\" data-element_type=\"section\"><div data-id=\"ff0e1fb\" data-element_type=\"column\"><div data-id=\"3fcaf52\" data-element_type=\"widget\" data-widget_type=\"text-editor.default\"><p><strong>\u00d8 Aventuring, no es fa responsable de possibles furts a les instal\u00b7lacions, de b\u00e9ns personals.<\/strong><\/p><p><strong>\u00d8 L\u2019estada a Aventuring implica el respecte i la cura de les instal\u00b7lacions i de l\u2019entorn mediambiental en un \u00e0mbit de conviv\u00e8ncia civilitzades. L\u2019autoritzaci\u00f3 assenyalada ser\u00e0 revocable en qualsevol moment per Aventuring.<\/strong><\/p><p><strong>\u00d8 Les interrupcions o limitacions del servei per causes meteorol\u00f2giques no donen dret a cap compensaci\u00f3.<\/strong><br \/><strong>Un comportament incorrecte, aix\u00ed com una utilitzaci\u00f3 irregular o perillosa, seran sancionats amb l\u2019expulsi\u00f3 del centre a tot el grup.<\/strong><\/p><p><strong>\u00d8 Llegir i respectar les normes de seguretat facilitades pels monitors. El monitor podr\u00e0 suspendre lactivitat, sempre que aquesta suposi un risc per als altres usuaris, funcionament de les activitats, atraccions o del propi usuari.<\/strong><\/p><p><strong>\u00d8 Els participants que contractin els serveis que presta Aventuring Turismo Activo S.L. s\u00f3n conscients que realitzaran una activitat de Turisme Activo, assumint els riscos propis d\u2019aquesta activitat i la possibilitat de patir un accident fortu\u00eft. Totes les activitats s\u00f3n volunt\u00e0ries, no estan exemptes de risc i es fan sota la responsabilitat del client.<\/strong><\/p><p><strong>\u00d8 Asseguran\u00e7a Accidents, cobreix qualsevol sinistre durant la pr\u00e0ctica d\u2019activitats, l\u2019asseguran\u00e7a d\u2019accidents cobreix els costos sanitaris d\u2019aquest sinistre fins a un m\u00e0xim de 6000 \u20ac, que pugui reclamar la sanitat p\u00fablica en concepte d\u2019atenci\u00f3 d\u2019urg\u00e8ncies i trasllats. Aquesta asseguran\u00e7a no cobreix compensaci\u00f3 econ\u00f2mica de cap mena ni est\u00e8tica o indemnitzacions.<\/strong><\/p><p><strong>\u00d8 Els participants estan obligats a comunicar a Aventuring Turisme Activo S.L. si pateixen qualsevol tipus de malaltia o minusvalidesa.<\/strong><\/p><p><strong>\u00d8 Exclusions. En cas de qualsevol tipus de malalties cr\u00f2niques o temporals, problemes cardiovasculars, malaltia greu, minusvalidesa f\u00edsica o ps\u00edquica, problemes d\u2019obesitat, estar sota la influ\u00e8ncia de t\u00f2xics, drogues i alcohol.<\/strong><\/p><p><strong>\u00d8 Edat m\u00ednima per realitzar activitats 12 anys o 1,42 d\u2019al\u00e7ada, 16 anys fuita room paintball (14 anys acompanyats d\u2019adults), 18 anys tir amb destral.<\/strong><\/p><p><strong>No \u00e9s recomanable fer les activitats amb m\u00e9s de 60 anys.<\/strong><\/p><p><strong>\u00d8 S\u2019ha de tenir en compte el l\u00edmit f\u00edsic, per a la realitzaci\u00f3 de les activitats, independentment de l\u2019edat.<\/strong><\/p><p><strong>\u00d8 Campamento R\u00edo Loco, \u00e9s obligatori realitzar l\u2019activitat amb\u00a0samarreta i mitjons, tant a les piscines com als inflables. Prohibit utilitzar cinturons amb sivella i objectes punxants. No \u00e9s recomanable fer servir arracades, p\u00edrcing, rellotges, anells, ni fer servir c\u00e0meres amb suports al pit. Durant les activitats esta totalment prohibit l\u00fas de qualsevol cal\u00e7at. Totalment prohibit l\u2019\u00fas d\u2019escarpins i xancletes, les lesions produ\u00efdes per aquest tipus de cal\u00e7at, Aventuring no se\u2019n far\u00e0 c\u00e0rrec.<\/strong><\/p><p><strong>\u00d8 Paintball, \u00e9s obligatori portar la m\u00e0scara posada durant tot el joc, aix\u00ed com fer servir el bloqueig de can\u00f3. Treure\u2019s la m\u00e0scara durant el joc o no posar el bloqueig de can\u00f3, pot produir lesions oculars o ceguesa.<\/strong><\/p><p><strong>\u00d8 Tir amb Destral, obligatori l\u2019\u00fas de cal\u00e7at tancat<\/strong><\/p><p><strong>\u00d8 Est\u00e0 prohibit portar material ali\u00e8 a lempresa.<\/strong><\/p><p><strong>Fer la reserva implica l\u2019acceptaci\u00f3 total d\u2019aquestes condicions generals.<\/strong><\/p><p><strong>En inscriure altres persones o grup haur\u00e0 de comunicar aquestes condicions a la resta.<\/strong><\/p><p><strong>CIRCULAR INFORMATIVA SOBRE \u00daS DE DADES PERSONALS I DRETS<\/strong><\/p><p><strong>Us informem conforme al que preveu el RGPD de 27 d\u2019abril de 2016 que AVENTURING TURISMO ACTIVO, SL, recull i tracta les vostres dades de car\u00e0cter personal, aplicant les mesures t\u00e8cniques i organitzatives que en garanteixen la confidencialitat, amb la finalitat de gestionar la relaci\u00f3 que el vincula. Vost\u00e8 d\u00f3na el seu consentiment i autoritzaci\u00f3 per a aquest tractament. Conservarem les vostres dades de car\u00e0cter personal \u00fanicament el temps imprescindible per gestionar la nostra relaci\u00f3. Podreu exercitar els drets d\u2019acc\u00e9s, rectificaci\u00f3, supressi\u00f3, limitaci\u00f3, portabilitat i oposici\u00f3 dirigint-vos a AVENTURING TURISME ACTIVO, S.L. amb adre\u00e7a C\/PEP VENTURA, S\/N, MASSANES, 17452, GIRONA.<\/strong><\/p><\/div><\/div><\/section>\t\t\t\t\t\t\t\t<\/div>\n\t\t\t\t<\/div>\n\t\t\t\t\t<\/div>\n\t\t<\/div>\n\t\t\t\t\t<\/div>\n\t\t<\/section>\n\t\t\t\t<\/div>\n\t\t","protected":false},"excerpt":{"rendered":"<p>RESERVA AMB NOSALTRES \ud83d\udccb FORMULARI DE RESERVES RESERVA AMB NOSALTRES CONDICIONS DE LA CONTRACTACI\u00d3 D&#8217;ACTIVITATS Si us plau tingueu en compte les seg\u00fcents observacions: En cas de necessitar una factura es podr\u00e0 sol\u00b7licitar per correu electr\u00f2nic a\u00a0info@aventuring.com. Horari d\u2019oficina i informaci\u00f3 telef\u00f2nica: De dilluns a divendres de 11.00h a 14.00h i de 16.00h a 19.00h. &hellip;<\/p>\n<p class=\"read-more\"> <a class=\"\" href=\"https:\/\/aventuring.com\/ca\/reserves-online\/\"> <span class=\"screen-reader-text\">Reserves<\/span> Read More \u00bb<\/a><\/p>\n","protected":false},"author":1,"featured_media":0,"parent":0,"menu_order":0,"comment_status":"closed","ping_status":"closed","template":"elementor_header_footer","meta":{"site-sidebar-layout":"no-sidebar","site-content-layout":"page-builder","ast-main-header-display":"","ast-hfb-above-header-display":"","ast-hfb-below-header-display":"","ast-hfb-mobile-header-display":"","site-post-title":"disabled","ast-breadcrumbs-content":"","ast-featured-img":"disabled","footer-sml-layout":"","theme-transparent-header-meta":"","adv-header-id-meta":"","stick-header-meta":"","header-above-stick-meta":"","header-main-stick-meta":"","header-below-stick-meta":"","footnotes":""},"yoast_head":"<!-- This site is optimized with the Yoast SEO plugin v22.5 - https:\/\/yoast.com\/wordpress\/plugins\/seo\/ -->\n<title>Aventuring. Fes ja la teva reserva online!<\/title>\n<meta name=\"description\" content=\"AVENTURING. No perdis l&#039;oportunitat de passar-ho d&#039;all\u00f2 m\u00e9s b\u00e9 a les nostres instal\u00b7lacions i reserva ja via online, ho passar\u00e0s genial\" \/>\n<meta name=\"robots\" content=\"index, follow, max-snippet:-1, max-image-preview:large, max-video-preview:-1\" \/>\n<link rel=\"canonical\" href=\"https:\/\/aventuring.com\/ca\/reserves-online\/\" \/>\n<meta property=\"og:locale\" content=\"ca_ES\" \/>\n<meta property=\"og:type\" content=\"article\" \/>\n<meta property=\"og:title\" content=\"Aventuring. Fes ja la teva reserva online!\" \/>\n<meta property=\"og:description\" content=\"AVENTURING. No perdis l&#039;oportunitat de passar-ho d&#039;all\u00f2 m\u00e9s b\u00e9 a les nostres instal\u00b7lacions i reserva ja via online, ho passar\u00e0s genial\" \/>\n<meta property=\"og:url\" content=\"https:\/\/aventuring.com\/ca\/reserves-online\/\" \/>\n<meta property=\"og:site_name\" content=\"Aventuring\" \/>\n<meta property=\"article:modified_time\" content=\"2026-01-30T10:56:44+00:00\" \/>\n<meta name=\"twitter:card\" content=\"summary_large_image\" \/>\n<meta name=\"twitter:label1\" content=\"Temps estimat de lectura\" \/>\n\t<meta name=\"twitter:data1\" content=\"6 minuts\" \/>\n<script type=\"application\/ld+json\" class=\"yoast-schema-graph\">{\"@context\":\"https:\/\/schema.org\",\"@graph\":[{\"@type\":\"WebPage\",\"@id\":\"https:\/\/aventuring.com\/ca\/reserves-online\/\",\"url\":\"https:\/\/aventuring.com\/ca\/reserves-online\/\",\"name\":\"Aventuring. Fes ja la teva reserva online!\",\"isPartOf\":{\"@id\":\"https:\/\/aventuring.com\/ca\/#website\"},\"datePublished\":\"2025-02-27T14:42:36+00:00\",\"dateModified\":\"2026-01-30T10:56:44+00:00\",\"description\":\"AVENTURING. No perdis l'oportunitat de passar-ho d'all\u00f2 m\u00e9s b\u00e9 a les nostres instal\u00b7lacions i reserva ja via online, ho passar\u00e0s genial\",\"breadcrumb\":{\"@id\":\"https:\/\/aventuring.com\/ca\/reserves-online\/#breadcrumb\"},\"inLanguage\":\"ca\",\"potentialAction\":[{\"@type\":\"ReadAction\",\"target\":[\"https:\/\/aventuring.com\/ca\/reserves-online\/\"]}]},{\"@type\":\"BreadcrumbList\",\"@id\":\"https:\/\/aventuring.com\/ca\/reserves-online\/#breadcrumb\",\"itemListElement\":[{\"@type\":\"ListItem\",\"position\":1,\"name\":\"Portada\",\"item\":\"https:\/\/aventuring.com\/ca\/\"},{\"@type\":\"ListItem\",\"position\":2,\"name\":\"Reserves\"}]},{\"@type\":\"WebSite\",\"@id\":\"https:\/\/aventuring.com\/ca\/#website\",\"url\":\"https:\/\/aventuring.com\/ca\/\",\"name\":\"Aventuring\",\"description\":\"\",\"publisher\":{\"@id\":\"https:\/\/aventuring.com\/ca\/#organization\"},\"potentialAction\":[{\"@type\":\"SearchAction\",\"target\":{\"@type\":\"EntryPoint\",\"urlTemplate\":\"https:\/\/aventuring.com\/ca\/?s={search_term_string}\"},\"query-input\":\"required name=search_term_string\"}],\"inLanguage\":\"ca\"},{\"@type\":\"Organization\",\"@id\":\"https:\/\/aventuring.com\/ca\/#organization\",\"name\":\"Aventuring\",\"url\":\"https:\/\/aventuring.com\/ca\/\",\"logo\":{\"@type\":\"ImageObject\",\"inLanguage\":\"ca\",\"@id\":\"https:\/\/aventuring.com\/ca\/#\/schema\/logo\/image\/\",\"url\":\"https:\/\/aventuring.com\/ca\/wp-content\/uploads\/2022\/01\/LOGO-BLANCO.png\",\"contentUrl\":\"https:\/\/aventuring.com\/ca\/wp-content\/uploads\/2022\/01\/LOGO-BLANCO.png\",\"width\":245,\"height\":60,\"caption\":\"Aventuring\"},\"image\":{\"@id\":\"https:\/\/aventuring.com\/ca\/#\/schema\/logo\/image\/\"}}]}<\/script>\n<!-- \/ Yoast SEO plugin. -->","yoast_head_json":{"title":"Aventuring. Fes ja la teva reserva online!","description":"AVENTURING. No perdis l'oportunitat de passar-ho d'all\u00f2 m\u00e9s b\u00e9 a les nostres instal\u00b7lacions i reserva ja via online, ho passar\u00e0s genial","robots":{"index":"index","follow":"follow","max-snippet":"max-snippet:-1","max-image-preview":"max-image-preview:large","max-video-preview":"max-video-preview:-1"},"canonical":"https:\/\/aventuring.com\/ca\/reserves-online\/","og_locale":"ca_ES","og_type":"article","og_title":"Aventuring. Fes ja la teva reserva online!","og_description":"AVENTURING. No perdis l'oportunitat de passar-ho d'all\u00f2 m\u00e9s b\u00e9 a les nostres instal\u00b7lacions i reserva ja via online, ho passar\u00e0s genial","og_url":"https:\/\/aventuring.com\/ca\/reserves-online\/","og_site_name":"Aventuring","article_modified_time":"2026-01-30T10:56:44+00:00","twitter_card":"summary_large_image","twitter_misc":{"Temps estimat de lectura":"6 minuts"},"schema":{"@context":"https:\/\/schema.org","@graph":[{"@type":"WebPage","@id":"https:\/\/aventuring.com\/ca\/reserves-online\/","url":"https:\/\/aventuring.com\/ca\/reserves-online\/","name":"Aventuring. Fes ja la teva reserva online!","isPartOf":{"@id":"https:\/\/aventuring.com\/ca\/#website"},"datePublished":"2025-02-27T14:42:36+00:00","dateModified":"2026-01-30T10:56:44+00:00","description":"AVENTURING. No perdis l'oportunitat de passar-ho d'all\u00f2 m\u00e9s b\u00e9 a les nostres instal\u00b7lacions i reserva ja via online, ho passar\u00e0s genial","breadcrumb":{"@id":"https:\/\/aventuring.com\/ca\/reserves-online\/#breadcrumb"},"inLanguage":"ca","potentialAction":[{"@type":"ReadAction","target":["https:\/\/aventuring.com\/ca\/reserves-online\/"]}]},{"@type":"BreadcrumbList","@id":"https:\/\/aventuring.com\/ca\/reserves-online\/#breadcrumb","itemListElement":[{"@type":"ListItem","position":1,"name":"Portada","item":"https:\/\/aventuring.com\/ca\/"},{"@type":"ListItem","position":2,"name":"Reserves"}]},{"@type":"WebSite","@id":"https:\/\/aventuring.com\/ca\/#website","url":"https:\/\/aventuring.com\/ca\/","name":"Aventuring","description":"","publisher":{"@id":"https:\/\/aventuring.com\/ca\/#organization"},"potentialAction":[{"@type":"SearchAction","target":{"@type":"EntryPoint","urlTemplate":"https:\/\/aventuring.com\/ca\/?s={search_term_string}"},"query-input":"required name=search_term_string"}],"inLanguage":"ca"},{"@type":"Organization","@id":"https:\/\/aventuring.com\/ca\/#organization","name":"Aventuring","url":"https:\/\/aventuring.com\/ca\/","logo":{"@type":"ImageObject","inLanguage":"ca","@id":"https:\/\/aventuring.com\/ca\/#\/schema\/logo\/image\/","url":"https:\/\/aventuring.com\/ca\/wp-content\/uploads\/2022\/01\/LOGO-BLANCO.png","contentUrl":"https:\/\/aventuring.com\/ca\/wp-content\/uploads\/2022\/01\/LOGO-BLANCO.png","width":245,"height":60,"caption":"Aventuring"},"image":{"@id":"https:\/\/aventuring.com\/ca\/#\/schema\/logo\/image\/"}}]}},"_links":{"self":[{"href":"https:\/\/aventuring.com\/ca\/wp-json\/wp\/v2\/pages\/5680"}],"collection":[{"href":"https:\/\/aventuring.com\/ca\/wp-json\/wp\/v2\/pages"}],"about":[{"href":"https:\/\/aventuring.com\/ca\/wp-json\/wp\/v2\/types\/page"}],"author":[{"embeddable":true,"href":"https:\/\/aventuring.com\/ca\/wp-json\/wp\/v2\/users\/1"}],"replies":[{"embeddable":true,"href":"https:\/\/aventuring.com\/ca\/wp-json\/wp\/v2\/comments?post=5680"}],"version-history":[{"count":28,"href":"https:\/\/aventuring.com\/ca\/wp-json\/wp\/v2\/pages\/5680\/revisions"}],"predecessor-version":[{"id":6038,"href":"https:\/\/aventuring.com\/ca\/wp-json\/wp\/v2\/pages\/5680\/revisions\/6038"}],"wp:attachment":[{"href":"https:\/\/aventuring.com\/ca\/wp-json\/wp\/v2\/media?parent=5680"}],"curies":[{"name":"wp","href":"https:\/\/api.w.org\/{rel}","templated":true}]}}