{"id":5530,"date":"2025-02-26T15:10:26","date_gmt":"2025-02-26T15:10:26","guid":{"rendered":"https:\/\/aventuring.com\/ca\/?page_id=5530"},"modified":"2025-05-02T09:52:58","modified_gmt":"2025-05-02T09:52:58","slug":"restaurant-picnic-hostalric-girona","status":"publish","type":"page","link":"https:\/\/aventuring.com\/ca\/restaurant-picnic-hostalric-girona\/","title":{"rendered":"On menjar"},"content":{"rendered":"\t\t<div data-elementor-type=\"wp-page\" data-elementor-id=\"5530\" class=\"elementor elementor-5530\" data-elementor-post-type=\"page\">\n\t\t\t\t\t\t<section class=\"elementor-section elementor-top-section elementor-element elementor-element-5f408e8a elementor-section-full_width elementor-section-height-default elementor-section-height-default\" data-id=\"5f408e8a\" data-element_type=\"section\" data-settings=\"{&quot;background_background&quot;:&quot;gradient&quot;}\">\n\t\t\t\t\t\t<div class=\"elementor-container elementor-column-gap-default\">\n\t\t\t\t\t<div class=\"elementor-column elementor-col-100 elementor-top-column elementor-element elementor-element-31aae3fc\" data-id=\"31aae3fc\" data-element_type=\"column\">\n\t\t\t<div class=\"elementor-widget-wrap elementor-element-populated\">\n\t\t\t\t\t\t<div class=\"elementor-element elementor-element-75d78a7e elementor-widget elementor-widget-html\" data-id=\"75d78a7e\" data-element_type=\"widget\" data-widget_type=\"html.default\">\n\t\t\t\t<div class=\"elementor-widget-container\">\n\t\t\t\t\t<style>\r\nbody{\r\n    --speed: 10s;\r\n}\r\n.sliding-text .elementor-widget-wrap{\r\n    display: block !important;\r\n}\r\n.sliding-text .elementor-widget{\r\n    overflow: hidden;\r\n    width: 10000vw !important;\r\n    max-width: 10000vw !important;\r\n}\r\n.sliding-text .sliding .elementor-widget-container{\r\n    -webkit-animation: sliding var(--speed) linear infinite;\r\n    -moz-animation: sliding var(--speed) linear infinite;\r\n    -o-animation: sliding var(--speed) linear infinite;\r\n    animation: sliding var(--speed) linear infinite;\r\n}\r\n.sliding-text .elementor-widget-container{\r\n    float: left;\r\n}\r\n.sliding-text.reverse{\r\n    transform: rotate(180deg);\r\n}\r\n.sliding-text.reverse .sliding .elementor-heading-title{\r\n    transform: scale(-1, -1);\r\n}\r\n@keyframe sliding{\r\n0%{ transform: translateX(0); }\r\n100%{ transform: translateX(-100%); }\r\n}\r\n@-webkit-keyframes sliding {\r\n0%{ transform: translateX(0); }\r\n100%{ transform: translateX(-100%); }\r\n}\r\n@-moz-keyframes sliding {\r\n0%{ transform: translateX(0); }\r\n100%{ transform: translateX(-100%); }\r\n}\r\n@-o-keyframes sliding {\r\n0%{ transform: translateX(0); }\r\n100%{ transform: translateX(-100%); }\r\n}\r\n@keyframes sliding {\r\n0%{ transform: translateX(0); }\r\n100%{ transform: translateX(-100%); }\r\n}\r\n<\/style><script src=\"https:\/\/code.jquery.com\/jquery-3.6.0.min.js\"><\/script><script>\r\nvar $ = jQuery\r\n\r\n$(document).ready(function(){\r\n\r\n    var h = []\r\n\r\n    $('.sliding-text').each(function(){\r\n        h.push($(this).find('.elementor-widget').clone().html())\r\n    })\r\n\r\n    function init(){\r\n        $('.sliding-text').each(function(i){\r\n\r\n            var $this = $(this)\r\n\r\n            $this.find('.elementor-widget').removeClass('sliding')\r\n\r\n            var amount = Math.ceil($(window).width()\/$(this).find('.elementor-widget-container').outerWidth(true)) + 1\r\n\r\n            $this.find('.elementor-widget').empty().addClass('sliding')\r\n            $this.find('.elementor-widget').html(h[i].repeat(amount))\r\n        })\r\n    }\r\n\r\n    init()\r\n    $(window).on('load resize', init)\r\n})\r\n<\/script>\t\t\t\t<\/div>\n\t\t\t\t<\/div>\n\t\t\t\t<section class=\"elementor-section elementor-inner-section elementor-element elementor-element-146793c7 elementor-section-full_width elementor-section-height-default elementor-section-height-default\" data-id=\"146793c7\" data-element_type=\"section\">\n\t\t\t\t\t\t<div class=\"elementor-container elementor-column-gap-default\">\n\t\t\t\t\t<div class=\"elementor-column elementor-col-100 elementor-inner-column elementor-element elementor-element-189bae8e sliding-text\" data-id=\"189bae8e\" data-element_type=\"column\">\n\t\t\t<div class=\"elementor-widget-wrap elementor-element-populated\">\n\t\t\t\t\t\t<div class=\"elementor-element elementor-element-5138ee73 elementor-widget elementor-widget-heading\" data-id=\"5138ee73\" data-element_type=\"widget\" data-widget_type=\"heading.default\">\n\t\t\t\t<div class=\"elementor-widget-container\">\n\t\t\t\t\t<p class=\"elementor-heading-title elementor-size-default\">ON MENJAR \ud83c\udf56\ud83e\udd57<\/p>\t\t\t\t<\/div>\n\t\t\t\t<\/div>\n\t\t\t\t\t<\/div>\n\t\t<\/div>\n\t\t\t\t\t<\/div>\n\t\t<\/section>\n\t\t\t\t<div class=\"elementor-element elementor-element-caedadf elementor-widget elementor-widget-heading\" data-id=\"caedadf\" data-element_type=\"widget\" data-widget_type=\"heading.default\">\n\t\t\t\t<div class=\"elementor-widget-container\">\n\t\t\t\t\t<h1 class=\"elementor-heading-title elementor-size-default\">ON MENJAR<\/h1>\t\t\t\t<\/div>\n\t\t\t\t<\/div>\n\t\t\t\t<section class=\"elementor-section elementor-inner-section elementor-element elementor-element-29350f1f elementor-section-full_width elementor-section-height-default elementor-section-height-default\" data-id=\"29350f1f\" data-element_type=\"section\">\n\t\t\t\t\t\t<div class=\"elementor-container elementor-column-gap-default\">\n\t\t\t\t\t<div class=\"elementor-column elementor-col-50 elementor-inner-column elementor-element elementor-element-10145f5a card-box\" data-id=\"10145f5a\" data-element_type=\"column\" data-settings=\"{&quot;background_background&quot;:&quot;classic&quot;}\">\n\t\t\t<div class=\"elementor-widget-wrap elementor-element-populated\">\n\t\t\t\t\t\t<div class=\"elementor-element elementor-element-5d186c06 elementor-widget elementor-widget-heading\" data-id=\"5d186c06\" data-element_type=\"widget\" data-widget_type=\"heading.default\">\n\t\t\t\t<div class=\"elementor-widget-container\">\n\t\t\t\t\t<p class=\"elementor-heading-title elementor-size-default\">20\u20ac PREU MEN\u00da PER PERSONA<\/p>\t\t\t\t<\/div>\n\t\t\t\t<\/div>\n\t\t\t\t<div class=\"elementor-element elementor-element-563b78ea elementor-widget elementor-widget-heading\" data-id=\"563b78ea\" data-element_type=\"widget\" data-widget_type=\"heading.default\">\n\t\t\t\t<div class=\"elementor-widget-container\">\n\t\t\t\t\t<p class=\"elementor-heading-title elementor-size-default\">CAN GISPERT\n<\/p>\t\t\t\t<\/div>\n\t\t\t\t<\/div>\n\t\t\t\t<div class=\"elementor-element elementor-element-7337cc25 elementor-widget elementor-widget-heading\" data-id=\"7337cc25\" data-element_type=\"widget\" data-widget_type=\"heading.default\">\n\t\t\t\t<div class=\"elementor-widget-container\">\n\t\t\t\t\t<p class=\"elementor-heading-title elementor-size-default\">MENU RESTAURANT<\/p>\t\t\t\t<\/div>\n\t\t\t\t<\/div>\n\t\t\t\t<div class=\"elementor-element elementor-element-1a07b488 elementor-widget elementor-widget-text-editor\" data-id=\"1a07b488\" data-element_type=\"widget\" data-widget_type=\"text-editor.default\">\n\t\t\t\t<div class=\"elementor-widget-container\">\n\t\t\t\t\t\t\t\t\t<p><strong>Primers<\/strong><\/p><ul><li>Amanida amb formatge de cabra<\/li><li>Escalivada<\/li><li>Canelons<\/li><li>Macarrons bolonyesa<\/li><\/ul>\t\t\t\t\t\t\t\t<\/div>\n\t\t\t\t<\/div>\n\t\t\t\t<div class=\"elementor-element elementor-element-76b3448f elementor-widget elementor-widget-text-editor\" data-id=\"76b3448f\" data-element_type=\"widget\" data-widget_type=\"text-editor.default\">\n\t\t\t\t<div class=\"elementor-widget-container\">\n\t\t\t\t\t\t\t\t\t<strong>Segons<\/strong>\n<ul>\n \t<li>Peix del dia<\/li>\n \t<li>Pollastre a la brasa<\/li>\n \t<li>Churrasco<\/li>\n \t<li>Botifarra<\/li>\n \t<li>Anyell<\/li>\n \t<li>Postres<\/li>\n<\/ul>\t\t\t\t\t\t\t\t<\/div>\n\t\t\t\t<\/div>\n\t\t\t\t<div class=\"elementor-element elementor-element-4eabec53 elementor-widget elementor-widget-text-editor\" data-id=\"4eabec53\" data-element_type=\"widget\" data-widget_type=\"text-editor.default\">\n\t\t\t\t<div class=\"elementor-widget-container\">\n\t\t\t\t\t\t\t\t\t<p>La carta pot variar segons la temporada.<br \/><strong>Hi ha men\u00fas vegetari\u00e0<\/strong>.<br \/><strong>Beguda no inclosa<\/strong><\/p>\t\t\t\t\t\t\t\t<\/div>\n\t\t\t\t<\/div>\n\t\t\t\t\t<\/div>\n\t\t<\/div>\n\t\t\t\t<div class=\"elementor-column elementor-col-50 elementor-inner-column elementor-element elementor-element-2ef227ad card-box\" data-id=\"2ef227ad\" data-element_type=\"column\" data-settings=\"{&quot;background_background&quot;:&quot;classic&quot;}\">\n\t\t\t<div class=\"elementor-widget-wrap elementor-element-populated\">\n\t\t\t\t\t\t<div class=\"elementor-element elementor-element-9ca2efc elementor-widget elementor-widget-heading\" data-id=\"9ca2efc\" data-element_type=\"widget\" data-widget_type=\"heading.default\">\n\t\t\t\t<div class=\"elementor-widget-container\">\n\t\t\t\t\t<p class=\"elementor-heading-title elementor-size-default\">ALTRES OPCIONS<\/p>\t\t\t\t<\/div>\n\t\t\t\t<\/div>\n\t\t\t\t<div class=\"elementor-element elementor-element-745c0b34 elementor-widget elementor-widget-heading\" data-id=\"745c0b34\" data-element_type=\"widget\" data-widget_type=\"heading.default\">\n\t\t\t\t<div class=\"elementor-widget-container\">\n\t\t\t\t\t<p class=\"elementor-heading-title elementor-size-default\">PER MENJAR<\/p>\t\t\t\t<\/div>\n\t\t\t\t<\/div>\n\t\t\t\t<div class=\"elementor-element elementor-element-3da12ef6 elementor-widget elementor-widget-heading\" data-id=\"3da12ef6\" data-element_type=\"widget\" data-widget_type=\"heading.default\">\n\t\t\t\t<div class=\"elementor-widget-container\">\n\t\t\t\t\t<p class=\"elementor-heading-title elementor-size-default\">Si no us interessa la primera opci\u00f3 aqu\u00ed et deixem una llista d\u2019altres llocs on poder menjar prop de les nostres instal\u00b7lacions.<\/p>\t\t\t\t<\/div>\n\t\t\t\t<\/div>\n\t\t\t\t<div class=\"elementor-element elementor-element-54cfc666 elementor-widget elementor-widget-button\" data-id=\"54cfc666\" data-element_type=\"widget\" data-widget_type=\"button.default\">\n\t\t\t\t<div class=\"elementor-widget-container\">\n\t\t\t\t\t\t\t\t\t<div class=\"elementor-button-wrapper\">\n\t\t\t\t\t<a class=\"elementor-button elementor-button-link elementor-size-sm\" href=\"https:\/\/www.turismehostalric.cat\/ca\/organitza\/on-menjar\/\" target=\"_blank\">\n\t\t\t\t\t\t<span class=\"elementor-button-content-wrapper\">\n\t\t\t\t\t\t\t\t\t<span class=\"elementor-button-text\">Veure m\u00e9s opcions<\/span>\n\t\t\t\t\t<\/span>\n\t\t\t\t\t<\/a>\n\t\t\t\t<\/div>\n\t\t\t\t\t\t\t\t<\/div>\n\t\t\t\t<\/div>\n\t\t\t\t\t<\/div>\n\t\t<\/div>\n\t\t\t\t\t<\/div>\n\t\t<\/section>\n\t\t\t\t<section class=\"elementor-section elementor-inner-section elementor-element elementor-element-4f82af0a elementor-section-full_width elementor-section-content-middle elementor-section-height-default elementor-section-height-default\" data-id=\"4f82af0a\" data-element_type=\"section\">\n\t\t\t\t\t\t<div class=\"elementor-container elementor-column-gap-default\">\n\t\t\t\t\t<div class=\"elementor-column elementor-col-100 elementor-inner-column elementor-element elementor-element-5e0b529a card-box\" data-id=\"5e0b529a\" data-element_type=\"column\" data-settings=\"{&quot;background_background&quot;:&quot;classic&quot;}\">\n\t\t\t<div class=\"elementor-widget-wrap elementor-element-populated\">\n\t\t\t\t\t\t<div class=\"elementor-element elementor-element-1d4530f6 elementor-widget elementor-widget-heading\" data-id=\"1d4530f6\" data-element_type=\"widget\" data-widget_type=\"heading.default\">\n\t\t\t\t<div class=\"elementor-widget-container\">\n\t\t\t\t\t<h2 class=\"elementor-heading-title elementor-size-default\">P\u00edcnic (No barbacoa)<\/h2>\t\t\t\t<\/div>\n\t\t\t\t<\/div>\n\t\t\t\t<div class=\"elementor-element elementor-element-49501cd1 elementor-widget elementor-widget-text-editor\" data-id=\"49501cd1\" data-element_type=\"widget\" data-widget_type=\"text-editor.default\">\n\t\t\t\t<div class=\"elementor-widget-container\">\n\t\t\t\t\t\t\t\t\t<p>Situada a l\u2019interior de les nostres pr\u00f2pies instal\u00b7lacions es troba la zona de\u00a0<strong>p\u00edcnic a Girona<\/strong>, habilitada de manera que pugueu gaudir a l\u2019aire lliure i amb totes les comoditats del menjar que hagueu portat des de casa. Per descomptat, \u00e9s un\u00a0<strong>servei gratu\u00eft<\/strong>. Tan sols se\u2019ls cobrar\u00e0 1 \u20ac als acompanyants que no hagin realitzat o reservat cap activitat amb nosaltres.<\/p>\t\t\t\t\t\t\t\t<\/div>\n\t\t\t\t<\/div>\n\t\t\t\t\t<\/div>\n\t\t<\/div>\n\t\t\t\t\t<\/div>\n\t\t<\/section>\n\t\t\t\t<section class=\"elementor-section elementor-inner-section elementor-element elementor-element-40b1612e elementor-section-full_width elementor-section-height-default elementor-section-height-default\" data-id=\"40b1612e\" data-element_type=\"section\">\n\t\t\t\t\t\t<div class=\"elementor-container elementor-column-gap-default\">\n\t\t\t\t\t<div class=\"elementor-column elementor-col-100 elementor-inner-column elementor-element elementor-element-44c0bca8 sliding-text\" data-id=\"44c0bca8\" data-element_type=\"column\">\n\t\t\t<div class=\"elementor-widget-wrap elementor-element-populated\">\n\t\t\t\t\t\t<div class=\"elementor-element elementor-element-53011509 elementor-widget elementor-widget-heading\" data-id=\"53011509\" data-element_type=\"widget\" data-widget_type=\"heading.default\">\n\t\t\t\t<div class=\"elementor-widget-container\">\n\t\t\t\t\t<p class=\"elementor-heading-title elementor-size-default\">A 5Km d'una zona de barbacoa \ud83d\udd25\ud83e\udd69<\/p>\t\t\t\t<\/div>\n\t\t\t\t<\/div>\n\t\t\t\t\t<\/div>\n\t\t<\/div>\n\t\t\t\t\t<\/div>\n\t\t<\/section>\n\t\t\t\t<section class=\"elementor-section elementor-inner-section elementor-element elementor-element-549fe451 elementor-section-full_width elementor-section-content-middle elementor-reverse-mobile elementor-section-height-default elementor-section-height-default\" data-id=\"549fe451\" data-element_type=\"section\">\n\t\t\t\t\t\t<div class=\"elementor-container elementor-column-gap-default\">\n\t\t\t\t\t<div class=\"elementor-column elementor-col-50 elementor-inner-column elementor-element elementor-element-2355be2a card-box\" data-id=\"2355be2a\" data-element_type=\"column\" data-settings=\"{&quot;background_background&quot;:&quot;classic&quot;}\">\n\t\t\t<div class=\"elementor-widget-wrap elementor-element-populated\">\n\t\t\t\t\t\t<div class=\"elementor-element elementor-element-461dd43a elementor-widget elementor-widget-text-editor\" data-id=\"461dd43a\" data-element_type=\"widget\" data-widget_type=\"text-editor.default\">\n\t\t\t\t<div class=\"elementor-widget-container\">\n\t\t\t\t\t\t\t\t\t<p>El berenador El Pol, finalment, amb\u00a0<strong>zona per a barbacoa<\/strong>\u00a0est\u00e0 localitzat a tan sols 5 km. de nosaltres i, com el p\u00edcnic, compta amb tot el necessari per gaudir en la millor companyia d\u2019un \u00e0pat fant\u00e0stica. Podeu posar-vos en contacte amb ells a trav\u00e9s de l\u2019nombre de tel\u00e8fon 972 86 09 87.<\/p><p>Com podeu veure, en Aventuring creiem que \u00e9s important poder triar. Per aix\u00f2 no nom\u00e9s tenim una \u00e0mplia varietat d\u2019activitats, packs i ofertes durant tot l\u2019any, sin\u00f3 que tamb\u00e9 oferim la mateixa quantitat d\u2019opcions en q\u00fcesti\u00f3 de llocs en els quals poder menjar.<\/p><p><strong>Dissenya el teu propi dia perfecte amb nosaltres i passa-ho de por amb els teus amics o la teva fam\u00edlia<\/strong> en un entorn a l\u2019aire lliure i gaudint dels jocs i activitats d\u2019aventura m\u00e9s divertits.<\/p>\t\t\t\t\t\t\t\t<\/div>\n\t\t\t\t<\/div>\n\t\t\t\t\t<\/div>\n\t\t<\/div>\n\t\t\t\t<div class=\"elementor-column elementor-col-50 elementor-inner-column elementor-element elementor-element-9df1d40 card-box\" data-id=\"9df1d40\" data-element_type=\"column\" data-settings=\"{&quot;background_background&quot;:&quot;classic&quot;}\">\n\t\t\t<div class=\"elementor-widget-wrap elementor-element-populated\">\n\t\t\t\t\t\t<div class=\"elementor-element elementor-element-39804368 elementor-widget elementor-widget-image\" data-id=\"39804368\" data-element_type=\"widget\" data-widget_type=\"image.default\">\n\t\t\t\t<div class=\"elementor-widget-container\">\n\t\t\t\t\t\t\t\t\t\t\t\t\t\t\t<img fetchpriority=\"high\" decoding=\"async\" width=\"800\" height=\"600\" src=\"https:\/\/aventuring.com\/ca\/wp-content\/uploads\/2025\/02\/merendero-el-pol.jpg\" class=\"attachment-full size-full wp-image-5532\" alt=\"merendero del pol\" srcset=\"https:\/\/aventuring.com\/ca\/wp-content\/uploads\/2025\/02\/merendero-el-pol.jpg 800w, https:\/\/aventuring.com\/ca\/wp-content\/uploads\/2025\/02\/merendero-el-pol-640x480.jpg 640w\" sizes=\"(max-width: 800px) 100vw, 800px\" \/>\t\t\t\t\t\t\t\t\t\t\t\t\t\t\t<\/div>\n\t\t\t\t<\/div>\n\t\t\t\t\t<\/div>\n\t\t<\/div>\n\t\t\t\t\t<\/div>\n\t\t<\/section>\n\t\t\t\t\t<\/div>\n\t\t<\/div>\n\t\t\t\t\t<\/div>\n\t\t<\/section>\n\t\t\t\t<\/div>\n\t\t","protected":false},"excerpt":{"rendered":"<p>ON MENJAR \ud83c\udf56\ud83e\udd57 ON MENJAR 20\u20ac PREU MEN\u00da PER PERSONA CAN GISPERT MENU RESTAURANT Primers Amanida amb formatge de cabra Escalivada Canelons Macarrons bolonyesa Segons Peix del dia Pollastre a la brasa Churrasco Botifarra Anyell Postres La carta pot variar segons la temporada.Hi ha men\u00fas vegetari\u00e0.Beguda no inclosa ALTRES OPCIONS PER MENJAR Si no us &hellip;<\/p>\n<p class=\"read-more\"> <a class=\"\" href=\"https:\/\/aventuring.com\/ca\/restaurant-picnic-hostalric-girona\/\"> <span class=\"screen-reader-text\">On menjar<\/span> Read More \u00bb<\/a><\/p>\n","protected":false},"author":1,"featured_media":0,"parent":0,"menu_order":0,"comment_status":"closed","ping_status":"closed","template":"elementor_header_footer","meta":{"site-sidebar-layout":"no-sidebar","site-content-layout":"page-builder","ast-main-header-display":"","ast-hfb-above-header-display":"","ast-hfb-below-header-display":"","ast-hfb-mobile-header-display":"","site-post-title":"disabled","ast-breadcrumbs-content":"","ast-featured-img":"disabled","footer-sml-layout":"","theme-transparent-header-meta":"","adv-header-id-meta":"","stick-header-meta":"","header-above-stick-meta":"","header-main-stick-meta":"","header-below-stick-meta":"","footnotes":""},"yoast_head":"<!-- This site is optimized with the Yoast SEO plugin v22.5 - https:\/\/yoast.com\/wordpress\/plugins\/seo\/ -->\n<title>Restaurant Hostalric. Picnic Girona - Aventuring<\/title>\n<meta name=\"description\" content=\"AVENTURING. Disposes de diferents llocs on menjar a prop de les instal\u00b7lacions, amb restaurants i una zona de p\u00edcnic\" \/>\n<meta name=\"robots\" content=\"index, follow, max-snippet:-1, max-image-preview:large, max-video-preview:-1\" \/>\n<link rel=\"canonical\" href=\"https:\/\/aventuring.com\/ca\/restaurant-picnic-hostalric-girona\/\" \/>\n<meta property=\"og:locale\" content=\"ca_ES\" \/>\n<meta property=\"og:type\" content=\"article\" \/>\n<meta property=\"og:title\" content=\"Restaurant Hostalric. Picnic Girona - Aventuring\" \/>\n<meta property=\"og:description\" content=\"AVENTURING. Disposes de diferents llocs on menjar a prop de les instal\u00b7lacions, amb restaurants i una zona de p\u00edcnic\" \/>\n<meta property=\"og:url\" content=\"https:\/\/aventuring.com\/ca\/restaurant-picnic-hostalric-girona\/\" \/>\n<meta property=\"og:site_name\" content=\"Aventuring\" \/>\n<meta property=\"article:modified_time\" content=\"2025-05-02T09:52:58+00:00\" \/>\n<meta property=\"og:image\" content=\"https:\/\/aventuring.com\/ca\/wp-content\/uploads\/2025\/02\/merendero-el-pol.jpg\" \/>\n<meta name=\"twitter:card\" content=\"summary_large_image\" \/>\n<meta name=\"twitter:label1\" content=\"Temps estimat de lectura\" \/>\n\t<meta name=\"twitter:data1\" content=\"6 minuts\" \/>\n<script type=\"application\/ld+json\" class=\"yoast-schema-graph\">{\"@context\":\"https:\/\/schema.org\",\"@graph\":[{\"@type\":\"WebPage\",\"@id\":\"https:\/\/aventuring.com\/ca\/restaurant-picnic-hostalric-girona\/\",\"url\":\"https:\/\/aventuring.com\/ca\/restaurant-picnic-hostalric-girona\/\",\"name\":\"Restaurant Hostalric. Picnic Girona - Aventuring\",\"isPartOf\":{\"@id\":\"https:\/\/aventuring.com\/ca\/#website\"},\"primaryImageOfPage\":{\"@id\":\"https:\/\/aventuring.com\/ca\/restaurant-picnic-hostalric-girona\/#primaryimage\"},\"image\":{\"@id\":\"https:\/\/aventuring.com\/ca\/restaurant-picnic-hostalric-girona\/#primaryimage\"},\"thumbnailUrl\":\"https:\/\/aventuring.com\/ca\/wp-content\/uploads\/2025\/02\/merendero-el-pol.jpg\",\"datePublished\":\"2025-02-26T15:10:26+00:00\",\"dateModified\":\"2025-05-02T09:52:58+00:00\",\"description\":\"AVENTURING. Disposes de diferents llocs on menjar a prop de les instal\u00b7lacions, amb restaurants i una zona de p\u00edcnic\",\"breadcrumb\":{\"@id\":\"https:\/\/aventuring.com\/ca\/restaurant-picnic-hostalric-girona\/#breadcrumb\"},\"inLanguage\":\"ca\",\"potentialAction\":[{\"@type\":\"ReadAction\",\"target\":[\"https:\/\/aventuring.com\/ca\/restaurant-picnic-hostalric-girona\/\"]}]},{\"@type\":\"ImageObject\",\"inLanguage\":\"ca\",\"@id\":\"https:\/\/aventuring.com\/ca\/restaurant-picnic-hostalric-girona\/#primaryimage\",\"url\":\"https:\/\/aventuring.com\/ca\/wp-content\/uploads\/2025\/02\/merendero-el-pol.jpg\",\"contentUrl\":\"https:\/\/aventuring.com\/ca\/wp-content\/uploads\/2025\/02\/merendero-el-pol.jpg\",\"width\":800,\"height\":600,\"caption\":\"merendero del pol\"},{\"@type\":\"BreadcrumbList\",\"@id\":\"https:\/\/aventuring.com\/ca\/restaurant-picnic-hostalric-girona\/#breadcrumb\",\"itemListElement\":[{\"@type\":\"ListItem\",\"position\":1,\"name\":\"Portada\",\"item\":\"https:\/\/aventuring.com\/ca\/\"},{\"@type\":\"ListItem\",\"position\":2,\"name\":\"On menjar\"}]},{\"@type\":\"WebSite\",\"@id\":\"https:\/\/aventuring.com\/ca\/#website\",\"url\":\"https:\/\/aventuring.com\/ca\/\",\"name\":\"Aventuring\",\"description\":\"\",\"publisher\":{\"@id\":\"https:\/\/aventuring.com\/ca\/#organization\"},\"potentialAction\":[{\"@type\":\"SearchAction\",\"target\":{\"@type\":\"EntryPoint\",\"urlTemplate\":\"https:\/\/aventuring.com\/ca\/?s={search_term_string}\"},\"query-input\":\"required name=search_term_string\"}],\"inLanguage\":\"ca\"},{\"@type\":\"Organization\",\"@id\":\"https:\/\/aventuring.com\/ca\/#organization\",\"name\":\"Aventuring\",\"url\":\"https:\/\/aventuring.com\/ca\/\",\"logo\":{\"@type\":\"ImageObject\",\"inLanguage\":\"ca\",\"@id\":\"https:\/\/aventuring.com\/ca\/#\/schema\/logo\/image\/\",\"url\":\"https:\/\/aventuring.com\/ca\/wp-content\/uploads\/2022\/01\/LOGO-BLANCO.png\",\"contentUrl\":\"https:\/\/aventuring.com\/ca\/wp-content\/uploads\/2022\/01\/LOGO-BLANCO.png\",\"width\":245,\"height\":60,\"caption\":\"Aventuring\"},\"image\":{\"@id\":\"https:\/\/aventuring.com\/ca\/#\/schema\/logo\/image\/\"}}]}<\/script>\n<!-- \/ Yoast SEO plugin. -->","yoast_head_json":{"title":"Restaurant Hostalric. Picnic Girona - Aventuring","description":"AVENTURING. Disposes de diferents llocs on menjar a prop de les instal\u00b7lacions, amb restaurants i una zona de p\u00edcnic","robots":{"index":"index","follow":"follow","max-snippet":"max-snippet:-1","max-image-preview":"max-image-preview:large","max-video-preview":"max-video-preview:-1"},"canonical":"https:\/\/aventuring.com\/ca\/restaurant-picnic-hostalric-girona\/","og_locale":"ca_ES","og_type":"article","og_title":"Restaurant Hostalric. Picnic Girona - Aventuring","og_description":"AVENTURING. Disposes de diferents llocs on menjar a prop de les instal\u00b7lacions, amb restaurants i una zona de p\u00edcnic","og_url":"https:\/\/aventuring.com\/ca\/restaurant-picnic-hostalric-girona\/","og_site_name":"Aventuring","article_modified_time":"2025-05-02T09:52:58+00:00","og_image":[{"url":"https:\/\/aventuring.com\/ca\/wp-content\/uploads\/2025\/02\/merendero-el-pol.jpg"}],"twitter_card":"summary_large_image","twitter_misc":{"Temps estimat de lectura":"6 minuts"},"schema":{"@context":"https:\/\/schema.org","@graph":[{"@type":"WebPage","@id":"https:\/\/aventuring.com\/ca\/restaurant-picnic-hostalric-girona\/","url":"https:\/\/aventuring.com\/ca\/restaurant-picnic-hostalric-girona\/","name":"Restaurant Hostalric. Picnic Girona - Aventuring","isPartOf":{"@id":"https:\/\/aventuring.com\/ca\/#website"},"primaryImageOfPage":{"@id":"https:\/\/aventuring.com\/ca\/restaurant-picnic-hostalric-girona\/#primaryimage"},"image":{"@id":"https:\/\/aventuring.com\/ca\/restaurant-picnic-hostalric-girona\/#primaryimage"},"thumbnailUrl":"https:\/\/aventuring.com\/ca\/wp-content\/uploads\/2025\/02\/merendero-el-pol.jpg","datePublished":"2025-02-26T15:10:26+00:00","dateModified":"2025-05-02T09:52:58+00:00","description":"AVENTURING. Disposes de diferents llocs on menjar a prop de les instal\u00b7lacions, amb restaurants i una zona de p\u00edcnic","breadcrumb":{"@id":"https:\/\/aventuring.com\/ca\/restaurant-picnic-hostalric-girona\/#breadcrumb"},"inLanguage":"ca","potentialAction":[{"@type":"ReadAction","target":["https:\/\/aventuring.com\/ca\/restaurant-picnic-hostalric-girona\/"]}]},{"@type":"ImageObject","inLanguage":"ca","@id":"https:\/\/aventuring.com\/ca\/restaurant-picnic-hostalric-girona\/#primaryimage","url":"https:\/\/aventuring.com\/ca\/wp-content\/uploads\/2025\/02\/merendero-el-pol.jpg","contentUrl":"https:\/\/aventuring.com\/ca\/wp-content\/uploads\/2025\/02\/merendero-el-pol.jpg","width":800,"height":600,"caption":"merendero del pol"},{"@type":"BreadcrumbList","@id":"https:\/\/aventuring.com\/ca\/restaurant-picnic-hostalric-girona\/#breadcrumb","itemListElement":[{"@type":"ListItem","position":1,"name":"Portada","item":"https:\/\/aventuring.com\/ca\/"},{"@type":"ListItem","position":2,"name":"On menjar"}]},{"@type":"WebSite","@id":"https:\/\/aventuring.com\/ca\/#website","url":"https:\/\/aventuring.com\/ca\/","name":"Aventuring","description":"","publisher":{"@id":"https:\/\/aventuring.com\/ca\/#organization"},"potentialAction":[{"@type":"SearchAction","target":{"@type":"EntryPoint","urlTemplate":"https:\/\/aventuring.com\/ca\/?s={search_term_string}"},"query-input":"required name=search_term_string"}],"inLanguage":"ca"},{"@type":"Organization","@id":"https:\/\/aventuring.com\/ca\/#organization","name":"Aventuring","url":"https:\/\/aventuring.com\/ca\/","logo":{"@type":"ImageObject","inLanguage":"ca","@id":"https:\/\/aventuring.com\/ca\/#\/schema\/logo\/image\/","url":"https:\/\/aventuring.com\/ca\/wp-content\/uploads\/2022\/01\/LOGO-BLANCO.png","contentUrl":"https:\/\/aventuring.com\/ca\/wp-content\/uploads\/2022\/01\/LOGO-BLANCO.png","width":245,"height":60,"caption":"Aventuring"},"image":{"@id":"https:\/\/aventuring.com\/ca\/#\/schema\/logo\/image\/"}}]}},"_links":{"self":[{"href":"https:\/\/aventuring.com\/ca\/wp-json\/wp\/v2\/pages\/5530"}],"collection":[{"href":"https:\/\/aventuring.com\/ca\/wp-json\/wp\/v2\/pages"}],"about":[{"href":"https:\/\/aventuring.com\/ca\/wp-json\/wp\/v2\/types\/page"}],"author":[{"embeddable":true,"href":"https:\/\/aventuring.com\/ca\/wp-json\/wp\/v2\/users\/1"}],"replies":[{"embeddable":true,"href":"https:\/\/aventuring.com\/ca\/wp-json\/wp\/v2\/comments?post=5530"}],"version-history":[{"count":13,"href":"https:\/\/aventuring.com\/ca\/wp-json\/wp\/v2\/pages\/5530\/revisions"}],"predecessor-version":[{"id":5948,"href":"https:\/\/aventuring.com\/ca\/wp-json\/wp\/v2\/pages\/5530\/revisions\/5948"}],"wp:attachment":[{"href":"https:\/\/aventuring.com\/ca\/wp-json\/wp\/v2\/media?parent=5530"}],"curies":[{"name":"wp","href":"https:\/\/api.w.org\/{rel}","templated":true}]}}